{"id":103,"date":"2025-06-04T20:55:26","date_gmt":"2025-06-04T18:55:26","guid":{"rendered":"http:\/\/localhost\/?page_id=103"},"modified":"2025-06-07T18:00:09","modified_gmt":"2025-06-07T16:00:09","slug":"2017-hamburg","status":"publish","type":"page","link":"https:\/\/srmeisterschaft.de\/index.php\/2017-hamburg\/","title":{"rendered":"2017 &#8211; Hamburg"},"content":{"rendered":"\n<p><strong>Informationen zur 17. inoffiziellen Deutschen SR-Meisterschaften<\/strong><br><br><strong>Moin Moin&#8230;<\/strong><\/p>\n\n\n\n<p><strong>Erste Informationen zur kommenden 17. deutschen Meisterschaft:<\/strong><\/p>\n\n\n\n<p><strong>Samstag, 10. Juni 2017 ab ca. 9.30 Uhr<br>Sportanlage Sander Tannen&nbsp;<\/strong><strong>Krusestra\u00dfe 7&nbsp;<\/strong><strong>in 21033 Hamburg.<br><br><\/strong><strong>Geplant ist ein Teilnehmerfeld von 20 Mannschaften.&nbsp;<br><\/strong><\/p>\n\n\n\n<p><strong>Parallel organisieren wir ein Frauenturnier (ihr d\u00fcrft uns&nbsp;<br>gern interessierte Teams melden!) mit ca. 12 Mannschaften!&nbsp;<br><br>Gespielt wird auf 4 Kunstrasenkleinfelder!<br><\/strong><\/p>\n\n\n\n<p><strong>Hotels:<br>Wir sind in den letzten Detailkl\u00e4rungen mit insgesamt drei&nbsp;<br>\u00dcbernachtungsm\u00f6glichkeiten!<\/strong><\/p>\n\n\n\n<p><strong>Wir werden Euch alle Ende August anschreiben und alle&nbsp;<br>notwendigen Daten mitteilen! Habt also bitte noch ein paar&nbsp;<br>Wochen Geduld&#8230;&nbsp;<br><br>Florian Baum (Organisationsleitung)<br><br><\/strong><strong>Gruppenauslosung am Freitag, den 09.06.2017:<\/strong><br>&nbsp;<\/p>\n\n\n\n<figure class=\"wp-block-table\"><table class=\"has-fixed-layout\"><tbody><tr><td><strong>Gruppe A1<\/strong><\/td><td><strong>Gruppe A2<\/strong><\/td><td><strong>Gruppe B1<\/strong><\/td><td><strong>Gruppe B2<\/strong><\/td><\/tr><tr><td>KFV&nbsp;Segeberg<\/td><td>HH-Bergedorf<\/td><td>L\u00fcbeck Dreamteam<\/td><td>SRM&nbsp;Dresden<\/td><\/tr><tr><td>Nordsterne<\/td><td>KFV&nbsp;Kiel<\/td><td>KFV&nbsp;L\u00fcbeck<\/td><td>SR-Allstarteam-Berlin<\/td><\/tr><tr><td>FK Havelland<\/td><td>Hildesheim<\/td><td>RB Leipzig<\/td><td>D\u00fcsseldorf<\/td><\/tr><tr><td>VFL&nbsp;Bad Schwartau<\/td><td>NDR&nbsp;Frauenfu\u00dfball<\/td><td>SRM&nbsp;Harz<\/td><td>Main\/Taunus<\/td><\/tr><tr><td>HH-Dreamteam<\/td><td>Neum\u00fcnster<\/td><td>Solingen<\/td><td>Westlausitz<\/td><\/tr><\/tbody><\/table><\/figure>\n\n\n\n<p><br><strong>Spielplan Vorrunde:<br><\/strong><\/p>\n\n\n\n<figure class=\"wp-block-table\"><table class=\"has-fixed-layout\"><tbody><tr><td>Nr.<\/td><td>Platz<\/td><td>Beginn<\/td><td>Heim<\/td><td>Gast<\/td><td>Ergebnis<\/td><\/tr><tr><td>1<\/td><td>A1<\/td><td>10:00<\/td><td>Segeberg<\/td><td>Nordsterne<\/td><td>3:0<\/td><\/tr><tr><td>2<\/td><td>A2<\/td><td>10:00<\/td><td>Bergedorf<\/td><td>KFV Kiel<\/td><td>0:0<\/td><\/tr><tr><td>3<\/td><td>B3<\/td><td>10:00<\/td><td>L\u00fcbeck DT<\/td><td>KFV_L\u00fcbeck<\/td><td>1:0<\/td><\/tr><tr><td>4<\/td><td>B4<\/td><td>10:00<\/td><td>Dresden<\/td><td>ALLSTARS&nbsp;<\/td><td>0:2<\/td><\/tr><tr><td>5<\/td><td>A1<\/td><td>10:15<\/td><td>Schwartau<\/td><td>Havelland<\/td><td>0:2<\/td><\/tr><tr><td>6<\/td><td>A2<\/td><td>10:15<\/td><td>NDR Frauen<\/td><td>Hildesheim<\/td><td>1:2<\/td><\/tr><tr><td>7<\/td><td>B3<\/td><td>10:15<\/td><td>Harz<\/td><td>RB Leipzig<\/td><td>0:2<\/td><\/tr><tr><td>8<\/td><td>B4<\/td><td>10:15<\/td><td>MTK<\/td><td>D\u00fcsseldorf<\/td><td>0:0<\/td><\/tr><tr><td>9<\/td><td>A1<\/td><td>10:30<\/td><td>HH DT<\/td><td>Segeberg<\/td><td>0:3<\/td><\/tr><tr><td>10<\/td><td>A2<\/td><td>10:30<\/td><td>Neum\u00fcnster<\/td><td>Bergedorf<\/td><td>1:10<\/td><\/tr><tr><td>11<\/td><td>B3<\/td><td>10:30<\/td><td>Solingen<\/td><td>L\u00fcbeck DT<\/td><td>1:1<\/td><\/tr><tr><td>12<\/td><td>B4<\/td><td>10:30<\/td><td>Westlausitz<\/td><td>Dresden<\/td><td>2:1<\/td><\/tr><tr><td>13<\/td><td>A1<\/td><td>10:45<\/td><td>Nordsterne<\/td><td>Schwartau<\/td><td>0:1<\/td><\/tr><tr><td>14<\/td><td>A2<\/td><td>10:45<\/td><td>KFV Kiel<\/td><td>NDR_Frauen<\/td><td>4:0<\/td><\/tr><tr><td>15<\/td><td>B3<\/td><td>10:45<\/td><td>L\u00fcbeck<\/td><td>Harz<\/td><td>3:0<\/td><\/tr><tr><td>16<\/td><td>B4<\/td><td>10:45<\/td><td>ALLSTARS&nbsp;<\/td><td>MTK<\/td><td>2:0<\/td><\/tr><tr><td>17<\/td><td>A1<\/td><td>11:00<\/td><td>Havelland<\/td><td>HH DT<\/td><td>1:2<\/td><\/tr><tr><td>18<\/td><td>A2<\/td><td>11:00<\/td><td>Hildesheim<\/td><td>Neum\u00fcnster<\/td><td>4:1<\/td><\/tr><tr><td>19<\/td><td>B3<\/td><td>11:00<\/td><td>RB Leipzig<\/td><td>Solingen<\/td><td>0:0<\/td><\/tr><tr><td>20<\/td><td>B4<\/td><td>11:00<\/td><td>D\u00fcsseldorf<\/td><td>Westlausitz<\/td><td>0:0<\/td><\/tr><tr><td>21<\/td><td>A1<\/td><td>11:15<\/td><td>Schwartau<\/td><td>Segeberg<\/td><td>0:0<\/td><\/tr><tr><td>22<\/td><td>A2<\/td><td>11:15<\/td><td>NDR Frauen&nbsp;<\/td><td>Bergedorf<\/td><td>0:0<\/td><\/tr><tr><td>23<\/td><td>B3<\/td><td>11:15<\/td><td>Harz<\/td><td>L\u00fcbeck DT<\/td><td>0:2<\/td><\/tr><tr><td>24<\/td><td>B4<\/td><td>11:15<\/td><td>MTK<\/td><td>Dresden<\/td><td>1:2&nbsp;<\/td><\/tr><tr><td>25<\/td><td>A1<\/td><td>11:30<\/td><td>Havelland<\/td><td>Nordsterne<\/td><td>4:0<\/td><\/tr><tr><td>26<\/td><td>A2<\/td><td>11:30<\/td><td>Hildesheim<\/td><td>KFV Kiel<\/td><td>1:1<\/td><\/tr><tr><td>27<\/td><td>B3<\/td><td>11:30<\/td><td>RB Leipzig<\/td><td>L\u00fcbeck<\/td><td>2:3<\/td><\/tr><tr><td>28<\/td><td>B4<\/td><td>11:30<\/td><td>D\u00fcsseldorf<\/td><td>ALLSTARS<\/td><td>0:0<\/td><\/tr><tr><td>29<\/td><td>A1<\/td><td>11:45<\/td><td>HH-DT<\/td><td>Schwartau<\/td><td>3:0<\/td><\/tr><tr><td>30<\/td><td>A2<\/td><td>11:45<\/td><td>Neum\u00fcnster<\/td><td>NDR Frauen<\/td><td>0:3<\/td><\/tr><tr><td>31<\/td><td>B3<\/td><td>11:45<\/td><td>Solingen<\/td><td>Harz<\/td><td>1:0<\/td><\/tr><tr><td>32<\/td><td>B4<\/td><td>11:45<\/td><td>Westlausitz<\/td><td>MTK<\/td><td>3:0<\/td><\/tr><tr><td>33<\/td><td>A1<\/td><td>12:00<\/td><td>Segeberg<\/td><td>Havelland<\/td><td>2:0<\/td><\/tr><tr><td>34<\/td><td>A2<\/td><td>12:00<\/td><td>Bergedorf<\/td><td>Hildesheim<\/td><td>4:0<\/td><\/tr><tr><td>35<\/td><td>B3<\/td><td>12:00<\/td><td>L\u00fcbeck DT<\/td><td>RB Leipzig<\/td><td>2:0<\/td><\/tr><tr><td>36<\/td><td>B4<\/td><td>12:00<\/td><td>Dresden<\/td><td>D\u00fcsseldorf<\/td><td>0:3<\/td><\/tr><tr><td>37<\/td><td>A1<\/td><td>12:15<\/td><td>Nordsterne<\/td><td>HH-DT<\/td><td>0:5<\/td><\/tr><tr><td>38<\/td><td>A2<\/td><td>12:15<\/td><td>KFV Kiel<\/td><td>Neum\u00fcnster<\/td><td>5:0<\/td><\/tr><tr><td>39<\/td><td>B3<\/td><td>12:15<\/td><td>KFV_L\u00fcbeck<\/td><td>Solingen<\/td><td>1:0<\/td><\/tr><tr><td>40<\/td><td>B4<\/td><td>12:15<\/td><td>ALLSTARS<\/td><td>Westlausitz<\/td><td>0:0<\/td><\/tr><tr><td>&nbsp;<\/td><td>&nbsp;<\/td><td>&nbsp;<\/td><td>&nbsp;<\/td><td>&nbsp;<\/td><td>&nbsp;<\/td><\/tr><\/tbody><\/table><\/figure>\n\n\n\n<p><strong><br><\/strong><strong>Spielplan Zwischenrunde:<\/strong><strong><\/strong><\/p>\n\n\n\n<figure class=\"wp-block-table\"><table class=\"has-fixed-layout\"><tbody><tr><td>Nr.<\/td><td>Platz<\/td><td>Beginn<\/td><td>Heim<\/td><td>Gast<\/td><td>Ergebnis<\/td><\/tr><tr><td>41<\/td><td>Z1<\/td><td>13:45<\/td><td>Segeberg<\/td><td>Bergedorf<\/td><td>3:4 n.E.<\/td><\/tr><tr><td>42<\/td><td>Z1<\/td><td>13:45<\/td><td>L\u00fcbeck DT<\/td><td>Westlausitz<\/td><td>3:2 n.E.<\/td><\/tr><tr><td>43<\/td><td>Z3<\/td><td>14:00<\/td><td>HH DT<\/td><td>KFV Kiel<\/td><td>5:0<\/td><\/tr><tr><td>44<\/td><td>Z3<\/td><td>14:00<\/td><td>KFV_L\u00fcbeck<\/td><td>ALLSTARS&nbsp;<\/td><td>3:4 n.E.<\/td><\/tr><tr><td>45<\/td><td>Z5<\/td><td>14:00<\/td><td>Havelland<\/td><td>Hildesheim<\/td><td>6:5 n.E.<\/td><\/tr><tr><td>46<\/td><td>Z5<\/td><td>14:00<\/td><td>Solingen<\/td><td>D\u00fcsseldorf<\/td><td>0:4<\/td><\/tr><tr><td>47<\/td><td>Z7<\/td><td>14:15<\/td><td>Bad_Schwartau<\/td><td>NDR Frauen<\/td><td>0:1<\/td><\/tr><tr><td>48<\/td><td>Z7<\/td><td>14:15<\/td><td>RB Leipzig<\/td><td>Dresden<\/td><td>2:1<\/td><\/tr><tr><td>49<\/td><td>Z9<\/td><td>14:15<\/td><td>Nordsterne<\/td><td>Neum\u00fcnster<\/td><td>2:1<\/td><\/tr><tr><td>50<\/td><td>Z9<\/td><td>14:15<\/td><td>Harz<\/td><td>MTK<\/td><td>3:2<\/td><\/tr><\/tbody><\/table><\/figure>\n\n\n\n<p><br><strong>Spielplan Viertelfinale:<\/strong><strong><\/strong><\/p>\n\n\n\n<figure class=\"wp-block-table\"><table class=\"has-fixed-layout\"><tbody><tr><td>Nr.<\/td><td>Platz<\/td><td>Beginn<\/td><td>Heim<\/td><td>Gast<\/td><td>Ergebnis<\/td><\/tr><tr><td>51<\/td><td>1<\/td><td>14:30<\/td><td>Bergedorf<\/td><td>Westlausit<\/td><td>3:4 n.E.<\/td><\/tr><tr><td>52<\/td><td>2<\/td><td>14:30<\/td><td>L\u00fcbeck_DT<\/td><td>HH DT<\/td><td>4:0<\/td><\/tr><tr><td>53<\/td><td>3<\/td><td>14:30<\/td><td>KFV Kiel<\/td><td>KFV_L\u00fcbeck<\/td><td>4:2 n.E.<\/td><\/tr><tr><td>54<\/td><td>4<\/td><td>14:30<\/td><td>ALLSTARS<\/td><td>Segeberg&nbsp;<\/td><td>0:1<\/td><\/tr><\/tbody><\/table><\/figure>\n\n\n\n<p><strong><br><\/strong><strong>Spielplan Platzierungsspiele 13-20:<\/strong><strong><\/strong><\/p>\n\n\n\n<figure class=\"wp-block-table\"><table class=\"has-fixed-layout\"><tbody><tr><td>Nr.<\/td><td>Platz<\/td><td>Beginn<\/td><td>Heim<\/td><td>Gast<\/td><td>Ergebnis<\/td><\/tr><tr><td>55<\/td><td>1<\/td><td>14:45<\/td><td>Neum\u00fcnster<\/td><td>MTK<\/td><td>1:2<\/td><\/tr><tr><td>56<\/td><td>2<\/td><td>14:45<\/td><td>Nordsterne<\/td><td>Harz<\/td><td>0:3<\/td><\/tr><tr><td>57<\/td><td>3<\/td><td>14:45<\/td><td>Bad_Schwartau<\/td><td>Dresden<\/td><td>0:5<\/td><\/tr><tr><td>58<\/td><td>4<\/td><td>14:45<\/td><td>NDR Frauen<\/td><td>RB_Leipzig&nbsp;<\/td><td>6:5 n.E.<\/td><\/tr><\/tbody><\/table><\/figure>\n\n\n\n<p><br><strong>Spielplan Halbfinalspiele:<\/strong><strong><\/strong><\/p>\n\n\n\n<figure class=\"wp-block-table\"><table class=\"has-fixed-layout\"><tbody><tr><td>Nr.<\/td><td>Platz<\/td><td>Beginn<\/td><td>Heim<\/td><td>Gast<\/td><td>Ergebnis<\/td><\/tr><tr><td>59<\/td><td>1<\/td><td>15:00<\/td><td>HH_Bergedorf<\/td><td>L\u00fcbeck_DT<\/td><td>0:1<\/td><\/tr><tr><td>60<\/td><td>3<\/td><td>15:00<\/td><td>KFV Kiel<\/td><td>Bad_Segeberg<\/td><td>0:1<\/td><\/tr><\/tbody><\/table><\/figure>\n\n\n\n<p><br><strong>Spielplan Platzierungsspiele 9-12:<\/strong><strong><\/strong><\/p>\n\n\n\n<figure class=\"wp-block-table\"><table class=\"has-fixed-layout\"><tbody><tr><td>Nr.<\/td><td>Platz<\/td><td>Beginn<\/td><td>Heim<\/td><td>Gast<\/td><td>Ergebnis<\/td><\/tr><tr><td>61<\/td><td>2<\/td><td>15:00<\/td><td>Hildesheim<\/td><td>Solingen&nbsp;<\/td><td>1:2<\/td><\/tr><tr><td>62<\/td><td>4<\/td><td>15:00<\/td><td>KFV_Havelland<\/td><td>SRM_D\u00fcsseldorf<\/td><td>1:4<\/td><\/tr><\/tbody><\/table><\/figure>\n\n\n\n<p><br><strong>Spielplan Losers-Halbfinale:<\/strong><strong><\/strong><\/p>\n\n\n\n<figure class=\"wp-block-table\"><table class=\"has-fixed-layout\"><tbody><tr><td>Nr.<\/td><td>Platz<\/td><td>Beginn<\/td><td>Heim<\/td><td>Gast<\/td><td>Ergebnis<\/td><\/tr><tr><td>63<\/td><td>1<\/td><td>15:15<\/td><td>Westlausitz<\/td><td>HH_Dreamteam<\/td><td>2:4 n.E.<\/td><\/tr><tr><td>64<\/td><td>2<\/td><td>15:15<\/td><td>KFV_L\u00fcbeck<\/td><td>Allstars_Berlin<\/td><td>4:2<\/td><\/tr><\/tbody><\/table><\/figure>\n\n\n\n<p><strong><br><\/strong><strong>Spielplan Finale:<\/strong><strong><\/strong><\/p>\n\n\n\n<figure class=\"wp-block-table\"><table class=\"has-fixed-layout\"><tbody><tr><td>Nr.<\/td><td>Platz<\/td><td>Beginn<\/td><td>Heim<\/td><td>Gast<\/td><td>Ergebnis<\/td><\/tr><tr><td>65<\/td><td>1<\/td><td>15:30<\/td><td>L\u00fcbeck_Dreamteam<\/td><td>KFV_Segeberg<\/td><td>4:3 n.E.<\/td><\/tr><\/tbody><\/table><\/figure>\n\n\n\n<p><strong><br><\/strong><strong>Spielplan Platzierungsspiele 3-8:<\/strong><strong><\/strong><\/p>\n\n\n\n<figure class=\"wp-block-table\"><table class=\"has-fixed-layout\"><tbody><tr><td>Nr.<\/td><td>Platz<\/td><td>Beginn<\/td><td>Heim<\/td><td>Gast<\/td><td>Ergebnis<\/td><\/tr><tr><td>66<\/td><td>1<\/td><td>16:15<\/td><td>Westlausitz<\/td><td>Allstars_Berlin<\/td><td>0:1<\/td><\/tr><tr><td>67<\/td><td>2<\/td><td>16:45<\/td><td>HH_Dreamteam<\/td><td>KFV_L\u00fcbeck<\/td><td>2:4<\/td><\/tr><tr><td>68<\/td><td>3<\/td><td>16:45<\/td><td>HH_Bergedorf<\/td><td>KFV&nbsp;Kiel<\/td><td>1:2<\/td><\/tr><\/tbody><\/table><\/figure>\n\n\n\n<p><strong><br>Platzierungen:<br><\/strong><\/p>\n\n\n\n<figure class=\"wp-block-table\"><table class=\"has-fixed-layout\"><tbody><tr><td>1.<\/td><td><strong>L\u00fcbeck Dreamteam<\/strong><\/td><\/tr><tr><td>2.<\/td><td>KFV Segeberg<\/td><\/tr><tr><td>3.<\/td><td>KFV Kiel<\/td><\/tr><tr><td>4.<\/td><td>HH Bergedorf<\/td><\/tr><tr><td>5.<\/td><td>KFV L\u00fcbeck<\/td><\/tr><tr><td>6.<\/td><td>HH Dreamteam<\/td><\/tr><tr><td>7.<\/td><td>SR-Allstar-Team Berlin<\/td><\/tr><tr><td>8.<\/td><td>SRM Westlausitz<\/td><\/tr><tr><td>9.<\/td><td>SRM D\u00fcsseldorf<\/td><\/tr><tr><td>10.<\/td><td>KFV Havelland<\/td><\/tr><tr><td>11.<\/td><td>SRM Solingen<\/td><\/tr><tr><td>12.<\/td><td>SRM Hildesheim<\/td><\/tr><tr><td>13.<\/td><td>NDR Frauenteam<\/td><\/tr><tr><td>14.<\/td><td>SRM RB Leipzig<\/td><\/tr><tr><td>15.<\/td><td>SRM Dresden<\/td><\/tr><tr><td>16.<\/td><td>SRM Bad Schwartau<\/td><\/tr><tr><td>17.<\/td><td>SRM Harz<\/td><\/tr><tr><td>18.<\/td><td>Nordsterne<\/td><\/tr><tr><td>19.<\/td><td>SRM Main\/Taunus Kreis<\/td><\/tr><tr><td>20.<\/td><td>SRM Neum\u00fcnster<\/td><\/tr><\/tbody><\/table><\/figure>\n","protected":false},"excerpt":{"rendered":"<p>Informationen zur 17. inoffiziellen Deutschen SR-Meisterschaften Moin Moin&#8230; Erste Informationen zur kommenden 17. deutschen Meisterschaft: Samstag, 10. Juni 2017 ab ca. 9.30 UhrSportanlage Sander Tannen&nbsp;Krusestra\u00dfe 7&nbsp;in 21033 Hamburg. Geplant ist ein Teilnehmerfeld von 20 Mannschaften.&nbsp; Parallel organisieren wir ein Frauenturnier (ihr d\u00fcrft uns&nbsp;gern interessierte Teams melden!) mit ca. 12 Mannschaften!&nbsp; Gespielt wird auf 4 Kunstrasenkleinfelder! &hellip; <a href=\"https:\/\/srmeisterschaft.de\/index.php\/2017-hamburg\/\" class=\"more-link\"><span class=\"screen-reader-text\">2017 &#8211; Hamburg<\/span> weiterlesen<\/a><\/p>\n","protected":false},"author":1,"featured_media":0,"parent":0,"menu_order":0,"comment_status":"closed","ping_status":"closed","template":"","meta":{"footnotes":""},"class_list":["post-103","page","type-page","status-publish","hentry"],"_links":{"self":[{"href":"https:\/\/srmeisterschaft.de\/index.php\/wp-json\/wp\/v2\/pages\/103","targetHints":{"allow":["GET"]}}],"collection":[{"href":"https:\/\/srmeisterschaft.de\/index.php\/wp-json\/wp\/v2\/pages"}],"about":[{"href":"https:\/\/srmeisterschaft.de\/index.php\/wp-json\/wp\/v2\/types\/page"}],"author":[{"embeddable":true,"href":"https:\/\/srmeisterschaft.de\/index.php\/wp-json\/wp\/v2\/users\/1"}],"replies":[{"embeddable":true,"href":"https:\/\/srmeisterschaft.de\/index.php\/wp-json\/wp\/v2\/comments?post=103"}],"version-history":[{"count":4,"href":"https:\/\/srmeisterschaft.de\/index.php\/wp-json\/wp\/v2\/pages\/103\/revisions"}],"predecessor-version":[{"id":308,"href":"https:\/\/srmeisterschaft.de\/index.php\/wp-json\/wp\/v2\/pages\/103\/revisions\/308"}],"wp:attachment":[{"href":"https:\/\/srmeisterschaft.de\/index.php\/wp-json\/wp\/v2\/media?parent=103"}],"curies":[{"name":"wp","href":"https:\/\/api.w.org\/{rel}","templated":true}]}}