{"id":109,"date":"2025-06-04T20:56:28","date_gmt":"2025-06-04T18:56:28","guid":{"rendered":"http:\/\/localhost\/?page_id=109"},"modified":"2025-06-07T17:53:16","modified_gmt":"2025-06-07T15:53:16","slug":"2014-bad-schwartau","status":"publish","type":"page","link":"https:\/\/srmeisterschaft.de\/index.php\/2014-bad-schwartau\/","title":{"rendered":"2014 &#8211; Bad Schwartau"},"content":{"rendered":"\n<p>Gruppenauslosung der 14. (in)offiziellen SR-Meisterschaften<\/p>\n\n\n\n<figure class=\"wp-block-table\"><table class=\"has-fixed-layout\"><tbody><tr><td><strong>Gruppe A<\/strong><\/td><td><strong>Gruppe B<\/strong><\/td><\/tr><tr><td>SR- Allstar-Team Berlin<\/td><td>SR Gruppe Dresden<\/td><\/tr><tr><td>VfL Bad Schwartau<\/td><td>KFV&nbsp;L\u00fcbeck<\/td><\/tr><tr><td>SV Bergedorf -West<\/td><td>KFV&nbsp;Neum\u00fcnster<\/td><\/tr><tr><td>Hildesheim Junior-Team<\/td><td>SR-Auswahl D\u00fcsseldorf<\/td><\/tr><tr><td>Nordsterne<\/td><td>SRVgg Hamburg-Bergedorf<\/td><\/tr><tr><td>KFV L\u00fcbeck Dream-Team<\/td><td>SR-Auswahl Havelland\/Mitte<\/td><\/tr><tr><td colspan=\"2\"><strong>Gruppe C<\/strong><\/td><\/tr><tr><td colspan=\"2\">&nbsp;KFV Segeberg<\/td><\/tr><tr><td colspan=\"2\">KFV Kiel<\/td><\/tr><tr><td colspan=\"2\">SRVgg Remscheid<\/td><\/tr><tr><td colspan=\"2\">SRM Main\/Taunus<\/td><\/tr><tr><td colspan=\"2\">SRVgg Hildesheim<\/td><\/tr><tr><td colspan=\"2\">SRVgg&nbsp;Solingen<\/td><\/tr><\/tbody><\/table><\/figure>\n\n\n\n<figure class=\"wp-block-table\"><table class=\"has-fixed-layout\"><tbody><tr><td colspan=\"2\"><strong>Frauenteams (FR)<\/strong><\/td><\/tr><tr><td colspan=\"2\">ESV&nbsp;Einigkeit Wilhelmsburg<\/td><\/tr><tr><td colspan=\"2\">1. FC&nbsp;Ph\u00f6nix L\u00fcbeck Team rot<\/td><\/tr><tr><td colspan=\"2\">Vfl Bad Schwartau<\/td><\/tr><tr><td colspan=\"2\">KFV&nbsp;L\u00fcbeck<\/td><\/tr><tr><td colspan=\"2\">1. FC&nbsp;Ph\u00f6nix L\u00fcbeck Team blau<\/td><\/tr><\/tbody><\/table><\/figure>\n","protected":false},"excerpt":{"rendered":"<p>Gruppenauslosung der 14. (in)offiziellen SR-Meisterschaften Gruppe A Gruppe B SR- Allstar-Team Berlin SR Gruppe Dresden VfL Bad Schwartau KFV&nbsp;L\u00fcbeck SV Bergedorf -West KFV&nbsp;Neum\u00fcnster Hildesheim Junior-Team SR-Auswahl D\u00fcsseldorf Nordsterne SRVgg Hamburg-Bergedorf KFV L\u00fcbeck Dream-Team SR-Auswahl Havelland\/Mitte Gruppe C &nbsp;KFV Segeberg KFV Kiel SRVgg Remscheid SRM Main\/Taunus SRVgg Hildesheim SRVgg&nbsp;Solingen Frauenteams (FR) ESV&nbsp;Einigkeit Wilhelmsburg 1. FC&nbsp;Ph\u00f6nix L\u00fcbeck &hellip; <a href=\"https:\/\/srmeisterschaft.de\/index.php\/2014-bad-schwartau\/\" class=\"more-link\"><span class=\"screen-reader-text\">2014 &#8211; Bad Schwartau<\/span> weiterlesen<\/a><\/p>\n","protected":false},"author":1,"featured_media":0,"parent":0,"menu_order":0,"comment_status":"closed","ping_status":"closed","template":"","meta":{"footnotes":""},"class_list":["post-109","page","type-page","status-publish","hentry"],"_links":{"self":[{"href":"https:\/\/srmeisterschaft.de\/index.php\/wp-json\/wp\/v2\/pages\/109","targetHints":{"allow":["GET"]}}],"collection":[{"href":"https:\/\/srmeisterschaft.de\/index.php\/wp-json\/wp\/v2\/pages"}],"about":[{"href":"https:\/\/srmeisterschaft.de\/index.php\/wp-json\/wp\/v2\/types\/page"}],"author":[{"embeddable":true,"href":"https:\/\/srmeisterschaft.de\/index.php\/wp-json\/wp\/v2\/users\/1"}],"replies":[{"embeddable":true,"href":"https:\/\/srmeisterschaft.de\/index.php\/wp-json\/wp\/v2\/comments?post=109"}],"version-history":[{"count":3,"href":"https:\/\/srmeisterschaft.de\/index.php\/wp-json\/wp\/v2\/pages\/109\/revisions"}],"predecessor-version":[{"id":301,"href":"https:\/\/srmeisterschaft.de\/index.php\/wp-json\/wp\/v2\/pages\/109\/revisions\/301"}],"wp:attachment":[{"href":"https:\/\/srmeisterschaft.de\/index.php\/wp-json\/wp\/v2\/media?parent=109"}],"curies":[{"name":"wp","href":"https:\/\/api.w.org\/{rel}","templated":true}]}}