{"id":119,"date":"2025-06-04T20:57:37","date_gmt":"2025-06-04T18:57:37","guid":{"rendered":"http:\/\/localhost\/?page_id=119"},"modified":"2025-06-07T10:19:32","modified_gmt":"2025-06-07T08:19:32","slug":"2009-bremen","status":"publish","type":"page","link":"https:\/\/srmeisterschaft.de\/index.php\/2009-bremen\/","title":{"rendered":"2009 &#8211; Bremen"},"content":{"rendered":"\n<figure class=\"wp-block-image is-resized\"><img decoding=\"async\" data-src=\"https:\/\/img.webme.com\/pic\/s\/sr-masters\/bremen_logo.jpg\" alt=\"\" style=\"width:324px;height:auto\" src=\"data:image\/gif;base64,R0lGODlhAQABAAAAACH5BAEKAAEALAAAAAABAAEAAAICTAEAOw==\" class=\"lazyload\" \/><\/figure>\n\n\n\n<p><strong>Das Turnier fand auf der Bezirkssportanlage Schevemoor beim OT Bremen statt.<br><\/strong><strong><br>Bei diesem Turnier konnten wir&nbsp;die SR Gruppen aus Emden und dem TV Oyten als neue Teilnehmer begr\u00fc\u00dfen.<br><br><\/strong><strong>Das Turnier wurde auf Rasenpl\u00e4tzen durchgef\u00fchrt. Alle Mannschaften haben sehr Fair ihre Spiele absolviert. Es wurden nur wenige pers\u00f6nliche Strafen ausgesprochen.<br><\/strong><br><strong>Die Abendveranstaltung und die Siegerehrung fand im Vereins-Casino&nbsp;auf der Bezirkssportanlage&nbsp; Schevemoor&nbsp;statt.<br><\/strong><strong><br>Wir gratulieren der Schiedsrichter-Gruppe des TV&nbsp;Oyten, dem diesj\u00e4hrigen&nbsp;Sieger des Fairnesspokal<br><br><\/strong><img decoding=\"async\" alt=\"\" data-src=\"https:\/\/img.webme.com\/pic\/s\/sr-masters\/00-6732.jpg\" src=\"data:image\/gif;base64,R0lGODlhAQABAAAAACH5BAEKAAEALAAAAAABAAEAAAICTAEAOw==\" class=\"lazyload\"><\/p>\n\n\n\n<p><strong>Die SR-Gruppe Solingen wurde zum drittenmal hintereinander Turniersieger.<\/strong><\/p>\n\n\n\n<figure class=\"wp-block-image is-resized\"><img decoding=\"async\" data-src=\"https:\/\/img.webme.com\/pic\/s\/sr-masters\/2009_solingen.jpg\" alt=\"\" style=\"width:408px;height:auto\" src=\"data:image\/gif;base64,R0lGODlhAQABAAAAACH5BAEKAAEALAAAAAABAAEAAAICTAEAOw==\" class=\"lazyload\" \/><\/figure>\n\n\n\n<p><strong>Der Wanderpokal geht in den Besitz der Solinger \u00fcber.<\/strong> <strong>Hier noch einige Bilder und Impressionen aus Bremen.<br>\u00a0\u00a0\u00a0\u00a0\u00a0\u00a0<\/strong><\/p>\n\n\n\n<figure class=\"wp-block-image\"><img decoding=\"async\" data-src=\"https:\/\/img.webme.com\/pic\/s\/sr-masters\/00-6727.jpg\" alt=\"\" src=\"data:image\/gif;base64,R0lGODlhAQABAAAAACH5BAEKAAEALAAAAAABAAEAAAICTAEAOw==\" class=\"lazyload\" \/><\/figure>\n\n\n\n<figure class=\"wp-block-gallery has-nested-images columns-default is-cropped wp-block-gallery-1 is-layout-flex wp-block-gallery-is-layout-flex\">\n<figure class=\"wp-block-image\"><img decoding=\"async\" data-src=\"https:\/\/img.webme.com\/pic\/s\/sr-masters\/00-6788.jpg\" alt=\"\" src=\"data:image\/gif;base64,R0lGODlhAQABAAAAACH5BAEKAAEALAAAAAABAAEAAAICTAEAOw==\" class=\"lazyload\" \/><\/figure>\n\n\n\n<figure class=\"wp-block-image\"><img decoding=\"async\" data-src=\"https:\/\/img.webme.com\/pic\/s\/sr-masters\/00-6787.jpg\" alt=\"\" src=\"data:image\/gif;base64,R0lGODlhAQABAAAAACH5BAEKAAEALAAAAAABAAEAAAICTAEAOw==\" class=\"lazyload\" \/><\/figure>\n<\/figure>\n\n\n\n<figure class=\"wp-block-table\"><table class=\"has-fixed-layout\"><tbody><tr><td>Gruppenauslosung&nbsp;der 9. innoffiziellen&nbsp;<br>SR-Meisterschaften<\/td><\/tr><\/tbody><\/table><\/figure>\n\n\n\n<figure class=\"wp-block-table\"><table class=\"has-fixed-layout\"><tbody><tr><td>Lfd-Nr.<\/td><td>Gruppe 1<\/td><td>Gruppe 2<\/td><td>Gruppe 3<\/td><td>Gruppe 4<\/td><\/tr><tr><td>1<\/td><td>Solingen<\/td><td>KFV Kiel<\/td><td>SRM Brandenburg<\/td><td>Bergedorf\/West<\/td><\/tr><tr><td>2<\/td><td>Main\/Taunus<\/td><td>SRM D\u00fcsseldorf<\/td><td>&nbsp;KFV L\u00fcbeck<\/td><td>SRM Dresden<\/td><\/tr><tr><td>3<\/td><td>TSV Eintracht&nbsp;<br>Gro\u00df-Gr\u00f6nau&nbsp;&nbsp;&nbsp;<\/td><td>SRM Elbe-Saale<\/td><td>KFV Rendsburg \/&nbsp;<br>Eckernf\u00f6rde<\/td><td>SR-Allstars-Berlin<\/td><\/tr><tr><td>4<\/td><td>OT Allstars<\/td><td>SRM Emden<\/td><td>&nbsp;SR Oyten<\/td><td>SRM Bremen<\/td><\/tr><\/tbody><\/table><\/figure>\n\n\n\n<p><strong>Turnierplan der Vorrunde<\/strong><\/p>\n\n\n\n<figure class=\"wp-block-table\"><table class=\"has-fixed-layout\"><tbody><tr><td><strong>Sp.-Nr.<\/strong><\/td><td><strong>Feld<\/strong><\/td><td><strong>Uhr<\/strong><\/td><td colspan=\"2\"><strong>Spielpaarung<\/strong><\/td><td><strong>Erg.<\/strong><\/td><\/tr><tr><td>1<\/td><td>1<\/td><td>10:00<\/td><td>Solingen<\/td><td>Main\/Taunus<\/td><td>0:0<\/td><\/tr><tr><td>2<\/td><td>2<\/td><td>10:00<\/td><td>Gro\u00df Gr\u00f6nau<\/td><td>OT Allstars<\/td><td>0:1<\/td><\/tr><tr><td>3<\/td><td>3<\/td><td>10:00<\/td><td>Kiel<\/td><td>Elbe\/Saale<\/td><td>2:1<\/td><\/tr><tr><td>4<\/td><td>4<\/td><td>10:00<\/td><td>D\u00fcsseldorf<\/td><td>Emden<\/td><td>1:0<\/td><\/tr><\/tbody><\/table><\/figure>\n\n\n\n<figure class=\"wp-block-table\"><table class=\"has-fixed-layout\"><tbody><tr><td>5<\/td><td>1<\/td><td>10:20<\/td><td>Brandenburg<\/td><td>L\u00fcbeck<\/td><td>0:1<\/td><\/tr><tr><td>6<\/td><td>2<\/td><td>10:20<\/td><td>Eckernf\u00f6rde<\/td><td>Oyten<\/td><td>2:0<\/td><\/tr><tr><td>7<\/td><td>3<\/td><td>10:20<\/td><td>Bergedorf<\/td><td>Dresden<\/td><td>1:1<\/td><\/tr><tr><td>8<\/td><td>4<\/td><td>10:20<\/td><td>Allstars Berlin<\/td><td>OT Bremen<\/td><td>0:0<\/td><\/tr><\/tbody><\/table><\/figure>\n\n\n\n<figure class=\"wp-block-table\"><table class=\"has-fixed-layout\"><tbody><tr><td>9<\/td><td>1<\/td><td>10:40<\/td><td>OT Allstars<\/td><td>Solingen<\/td><td>0:2<\/td><\/tr><tr><td>10<\/td><td>2<\/td><td>10:40<\/td><td>Main\/Taunus<\/td><td>Gro\u00df Gr\u00f6nau<\/td><td>1:1<\/td><\/tr><tr><td>11<\/td><td>3<\/td><td>10:40<\/td><td>Emden<\/td><td>Kiel<\/td><td>0:2<\/td><\/tr><tr><td>12<\/td><td>4<\/td><td>10:40<\/td><td>Elbe\/Saale<\/td><td>D\u00fcsseldorf<\/td><td>0:0<\/td><\/tr><\/tbody><\/table><\/figure>\n\n\n\n<figure class=\"wp-block-table\"><table class=\"has-fixed-layout\"><tbody><tr><td>13<\/td><td>1<\/td><td>11:00<\/td><td>Oyten<\/td><td>Brandenburg<\/td><td>0:6<\/td><\/tr><tr><td>14<\/td><td>2<\/td><td>11:00<\/td><td>L\u00fcbeck<\/td><td>Eckernf\u00f6rde<\/td><td>4:1<\/td><\/tr><tr><td>15<\/td><td>3<\/td><td>11:00<\/td><td>OT Bremen<\/td><td>Bergedorf<\/td><td>1:3<\/td><\/tr><tr><td>16<\/td><td>4<\/td><td>11:00<\/td><td>Dresden<\/td><td>Allstars Berlin<\/td><td>2:2<\/td><\/tr><\/tbody><\/table><\/figure>\n\n\n\n<figure class=\"wp-block-table\"><table class=\"has-fixed-layout\"><tbody><tr><td>17<\/td><td>1<\/td><td>11:20<\/td><td>Solingen<\/td><td>Gro\u00df Gr\u00f6nau<\/td><td>1:0<\/td><\/tr><tr><td>18<\/td><td>2<\/td><td>11:20<\/td><td>Main\/Taunus<\/td><td>OT Allstars<\/td><td>2:0<\/td><\/tr><tr><td>19<\/td><td>3<\/td><td>11:20<\/td><td>Kiel<\/td><td>D\u00fcsseldorf<\/td><td>0:0<\/td><\/tr><tr><td>20<\/td><td>4<\/td><td>11:20<\/td><td>Elbe\/Saale<\/td><td>Emden<\/td><td>0:5<\/td><\/tr><\/tbody><\/table><\/figure>\n\n\n\n<figure class=\"wp-block-table\"><table class=\"has-fixed-layout\"><tbody><tr><td>21<\/td><td>1<\/td><td>11:40<\/td><td>Brandenburg<\/td><td>Eckernf\u00f6rde<\/td><td>1:1<\/td><\/tr><tr><td>22<\/td><td>2<\/td><td>11:40<\/td><td>L\u00fcbeck<\/td><td>Oyten<\/td><td>8:0<\/td><\/tr><tr><td>23<\/td><td>3<\/td><td>11:40<\/td><td>Bergedorf<\/td><td>Allstars Berlin<\/td><td>3:1<\/td><\/tr><tr><td>24<\/td><td>4<\/td><td>11:40<\/td><td>Dresden<\/td><td>OT Bremen<\/td><td>0:1<\/td><\/tr><\/tbody><\/table><\/figure>\n\n\n\n<p><br><strong><u>Endstand Vorrunde<\/u><\/strong><br><strong>&nbsp;&nbsp;&nbsp;&nbsp;&nbsp;Gruppe 1&nbsp;&nbsp;&nbsp;&nbsp;&nbsp;&nbsp;&nbsp;&nbsp;&nbsp;&nbsp;&nbsp;&nbsp;&nbsp;&nbsp;&nbsp;&nbsp;&nbsp;&nbsp;&nbsp;&nbsp;&nbsp;&nbsp;&nbsp;&nbsp;&nbsp;&nbsp;&nbsp;&nbsp;&nbsp;&nbsp;&nbsp;&nbsp;&nbsp;&nbsp;&nbsp;&nbsp;&nbsp;&nbsp;&nbsp;&nbsp;&nbsp;&nbsp;&nbsp;&nbsp;&nbsp;&nbsp;&nbsp;&nbsp; Gruppe 3<\/strong><\/p>\n\n\n\n<figure class=\"wp-block-table\"><table class=\"has-fixed-layout\"><tbody><tr><td>1.<\/td><td>Solingen<\/td><td>7<\/td><td>3:0<\/td><td>1.<\/td><td>L\u00fcbeck<\/td><td>9<\/td><td>13:1<\/td><\/tr><tr><td>2.<\/td><td>Main\/Taunus<\/td><td>5<\/td><td>3:1<\/td><td>2.<\/td><td>Brandenburg<\/td><td>4<\/td><td>7:2<\/td><\/tr><tr><td>3.<\/td><td>OT Allstars<\/td><td>3<\/td><td>1:4<\/td><td>3.<\/td><td>Eckernf\u00f6rde<\/td><td>4<\/td><td>4:5<\/td><\/tr><tr><td>4.<\/td><td>Gro\u00df Gr\u00f6nau<\/td><td>1<\/td><td>1:3<\/td><td>4.<\/td><td>Oyten<\/td><td>0<\/td><td>0:16<\/td><\/tr><\/tbody><\/table><\/figure>\n\n\n\n<p><strong>&nbsp;&nbsp;&nbsp;&nbsp;&nbsp;&nbsp;&nbsp;&nbsp;&nbsp;&nbsp;&nbsp;&nbsp;&nbsp;&nbsp;&nbsp;&nbsp;&nbsp;&nbsp;&nbsp;&nbsp;&nbsp;&nbsp;&nbsp;&nbsp;&nbsp; &nbsp;Gruppe&nbsp;2&nbsp;&nbsp;&nbsp;&nbsp;&nbsp;&nbsp;&nbsp;&nbsp;&nbsp;&nbsp;&nbsp;&nbsp;&nbsp;&nbsp;&nbsp;&nbsp;&nbsp;&nbsp;&nbsp;&nbsp;&nbsp;&nbsp;&nbsp;&nbsp;&nbsp;&nbsp;&nbsp;&nbsp;&nbsp;&nbsp;&nbsp;&nbsp;&nbsp;&nbsp;&nbsp;&nbsp;&nbsp;&nbsp;&nbsp;&nbsp;&nbsp;&nbsp;&nbsp;&nbsp;&nbsp;&nbsp;&nbsp;&nbsp; Gruppe 4<\/strong><\/p>\n\n\n\n<figure class=\"wp-block-table\"><table class=\"has-fixed-layout\"><tbody><tr><td>1.<\/td><td>Kiel<\/td><td>7<\/td><td>4:1<\/td><td>1.<\/td><td>Bergedorf<\/td><td>7<\/td><td>7:3<\/td><\/tr><tr><td>2.<\/td><td>D\u00fcsseldorf<\/td><td>5<\/td><td>1:0<\/td><td>2.<\/td><td>OT Bremen<\/td><td>4<\/td><td>2:3<\/td><\/tr><tr><td>3.<\/td><td>Emden<\/td><td>3<\/td><td>5:3<\/td><td>3.<\/td><td>Dresden<\/td><td>2<\/td><td>3:4<\/td><\/tr><tr><td>4.<\/td><td>Elbe\/Saale<\/td><td>1<\/td><td>1:7<\/td><td>4.<\/td><td>Allstars Bln<\/td><td>2<\/td><td>3:5<\/td><\/tr><\/tbody><\/table><\/figure>\n\n\n\n<p><strong><u>Einteilung der Zwischenrunde nach der Vorrundenplatzierung<\/u><\/strong><br><strong>&nbsp;&nbsp;&nbsp;&nbsp;&nbsp;<br>Zwischenrunde 1&nbsp;&nbsp;&nbsp;&nbsp;&nbsp;&nbsp;&nbsp;&nbsp;&nbsp;&nbsp;&nbsp;&nbsp;&nbsp;&nbsp;&nbsp;&nbsp;&nbsp;&nbsp;&nbsp;&nbsp;&nbsp;&nbsp;&nbsp;&nbsp;&nbsp;&nbsp;&nbsp;&nbsp;&nbsp;&nbsp;&nbsp;&nbsp;&nbsp;&nbsp; Zwischenrunde 3<\/strong><\/p>\n\n\n\n<figure class=\"wp-block-table\"><table class=\"has-fixed-layout\"><tbody><tr><td>Solingen<\/td><td>OT Allstars<\/td><\/tr><tr><td>D\u00fcsseldorf<\/td><td>Elbe\/Saale<\/td><\/tr><tr><td>L\u00fcbeck<\/td><td>Eckernf\u00f6rde<\/td><\/tr><tr><td>OT Bremen<\/td><td>Allstars Bln<\/td><\/tr><\/tbody><\/table><\/figure>\n\n\n\n<p><br>&nbsp;&nbsp;<strong>Zwischenrunde&nbsp;2&nbsp;&nbsp;&nbsp;&nbsp;&nbsp;&nbsp;&nbsp;&nbsp;&nbsp;&nbsp;&nbsp;&nbsp;&nbsp;&nbsp;&nbsp;&nbsp;&nbsp;&nbsp;&nbsp;&nbsp;&nbsp;&nbsp;&nbsp;&nbsp;&nbsp;&nbsp;&nbsp;&nbsp;&nbsp;&nbsp;&nbsp;&nbsp;&nbsp;&nbsp; Zwischenrunde 4<br><\/strong><\/p>\n\n\n\n<figure class=\"wp-block-table\"><table class=\"has-fixed-layout\"><tbody><tr><td>Main\/Taunus<\/td><td>Gro\u00df Gr\u00f6nau<\/td><\/tr><tr><td>Kiel<\/td><td>Emden<\/td><\/tr><tr><td>Brandenburg<\/td><td>Oyten<\/td><\/tr><tr><td>Bergedorf<\/td><td>Dresden<\/td><\/tr><\/tbody><\/table><\/figure>\n\n\n\n<p>&nbsp;&nbsp;&nbsp;&nbsp;&nbsp;&nbsp;&nbsp;&nbsp;&nbsp;&nbsp;&nbsp;&nbsp;&nbsp;&nbsp;&nbsp;&nbsp;&nbsp;&nbsp;&nbsp;&nbsp;&nbsp;&nbsp;&nbsp;&nbsp;&nbsp;&nbsp;&nbsp;&nbsp;&nbsp;&nbsp;&nbsp;&nbsp;&nbsp;&nbsp;&nbsp;&nbsp;&nbsp;&nbsp;&nbsp;&nbsp;&nbsp;&nbsp;&nbsp;&nbsp;&nbsp;&nbsp;&nbsp;&nbsp;&nbsp;&nbsp;&nbsp;&nbsp;&nbsp;&nbsp;&nbsp;&nbsp;&nbsp;&nbsp;&nbsp;&nbsp;&nbsp;&nbsp;&nbsp;&nbsp;&nbsp;&nbsp;&nbsp;&nbsp;&nbsp;&nbsp;<br><strong><u>Spielpaarungen Zwischenrunde<\/u><\/strong><br>&nbsp;&nbsp;&nbsp;&nbsp;&nbsp;&nbsp;&nbsp;&nbsp;&nbsp;&nbsp;&nbsp;&nbsp;&nbsp;&nbsp;&nbsp;&nbsp;&nbsp;&nbsp;&nbsp;&nbsp;&nbsp;&nbsp;&nbsp;&nbsp;&nbsp;&nbsp;&nbsp;&nbsp;&nbsp;&nbsp;&nbsp;&nbsp;&nbsp;&nbsp;&nbsp;&nbsp;&nbsp;&nbsp;&nbsp;&nbsp;&nbsp;&nbsp;<\/p>\n\n\n\n<figure class=\"wp-block-table\"><table class=\"has-fixed-layout\"><tbody><tr><td><strong>Sp.-Nr.<\/strong><\/td><td><strong>Feld<\/strong><\/td><td><strong>Uhr<\/strong><\/td><td colspan=\"2\"><strong>Spielpaarung<\/strong><\/td><td><strong>Erg.<\/strong><\/td><\/tr><tr><td>25<\/td><td>1<\/td><td>13:00<\/td><td>Solingen<\/td><td>D\u00fcsseldorf<\/td><td>1:1<\/td><\/tr><tr><td>26<\/td><td>2<\/td><td>13:00<\/td><td>L\u00fcbeck<\/td><td>OT Bremen<\/td><td>1:0<\/td><\/tr><tr><td>27<\/td><td>3<\/td><td>13:00<\/td><td>Main\/Taunus<\/td><td>Kiel<\/td><td>0:0<\/td><\/tr><tr><td>28<\/td><td>4<\/td><td>13:00<\/td><td>Brandenburg<\/td><td>Bergedorf<\/td><td>1:0<\/td><\/tr><\/tbody><\/table><\/figure>\n\n\n\n<figure class=\"wp-block-table\"><table class=\"has-fixed-layout\"><tbody><tr><td>29<\/td><td>1<\/td><td>13:20<\/td><td>OT Allstars<\/td><td>Elbe\/Saale<\/td><td>2:1<\/td><\/tr><tr><td>30<\/td><td>2<\/td><td>13:20<\/td><td>Eckernf\u00f6rde<\/td><td>Allstars Bln<\/td><td>1:1<\/td><\/tr><tr><td>31<\/td><td>3<\/td><td>13:20<\/td><td>Gr. Gr\u00f6nau<\/td><td>Emden<\/td><td>1:1<\/td><\/tr><tr><td>32<\/td><td>4<\/td><td>13:20<\/td><td>Oyten<\/td><td>Dresden<\/td><td>0:5<\/td><\/tr><\/tbody><\/table><\/figure>\n\n\n\n<figure class=\"wp-block-table\"><table class=\"has-fixed-layout\"><tbody><tr><td>33<\/td><td>1<\/td><td>13:40<\/td><td>OT Bremen<\/td><td>Solingen<\/td><td>0:1<\/td><\/tr><tr><td>34<\/td><td>2<\/td><td>13:40<\/td><td>D\u00fcsseldorf<\/td><td>L\u00fcbeck<\/td><td>0:3<\/td><\/tr><tr><td>35<\/td><td>3<\/td><td>13:40<\/td><td>Bergedorf<\/td><td>Main\/Taunus<\/td><td>0:1<\/td><\/tr><tr><td>36<\/td><td>4<\/td><td>13:40<\/td><td>Kiel<\/td><td>Brandenburg<\/td><td>0:3<\/td><\/tr><\/tbody><\/table><\/figure>\n\n\n\n<figure class=\"wp-block-table\"><table class=\"has-fixed-layout\"><tbody><tr><td>37<\/td><td>1<\/td><td>14:00<\/td><td>Allstars Bln<\/td><td>OT Allstars<\/td><td>2:1<\/td><\/tr><tr><td>38<\/td><td>2<\/td><td>14:00<\/td><td>Elbe\/Saale<\/td><td>Eckernf\u00f6rde<\/td><td>2:1<\/td><\/tr><tr><td>39<\/td><td>3<\/td><td>14:00<\/td><td>Dresden<\/td><td>Gr. Gr\u00f6nau<\/td><td>0:2<\/td><\/tr><tr><td>40<\/td><td>4<\/td><td>14:00<\/td><td>Emden<\/td><td>Oyten<\/td><td>10:0<\/td><\/tr><\/tbody><\/table><\/figure>\n\n\n\n<figure class=\"wp-block-table\"><table class=\"has-fixed-layout\"><tbody><tr><td>41<\/td><td>1<\/td><td>14:20<\/td><td>Solingen<\/td><td>L\u00fcbeck<\/td><td>0:2<\/td><\/tr><tr><td>42<\/td><td>2<\/td><td>14:20<\/td><td>D\u00fcsseldorf<\/td><td>OT Bremen<\/td><td>1:2<\/td><\/tr><tr><td>43<\/td><td>3<\/td><td>14:20<\/td><td>Main\/Taunus<\/td><td>Brandenburg<\/td><td>0:0<\/td><\/tr><tr><td>44<\/td><td>4<\/td><td>14:20<\/td><td>Kiel<\/td><td>Bergedorf<\/td><td>3:3<\/td><\/tr><\/tbody><\/table><\/figure>\n\n\n\n<figure class=\"wp-block-table\"><table class=\"has-fixed-layout\"><tbody><tr><td>45<\/td><td>1<\/td><td>14:40<\/td><td>OT Allstars<\/td><td>Eckernf\u00f6rde<\/td><td>7:0<\/td><\/tr><tr><td>46<\/td><td>2<\/td><td>14:40<\/td><td>Elbe\/Saale<\/td><td>Allstars Bln<\/td><td>0:6<\/td><\/tr><tr><td>47<\/td><td>3<\/td><td>14:40<\/td><td>Gr. Gr\u00f6nau<\/td><td>Oyten<\/td><td>4:0<\/td><\/tr><tr><td>48<\/td><td>4<\/td><td>14:40<\/td><td>Emden<\/td><td>Dresden<\/td><td>4:2<\/td><\/tr><\/tbody><\/table><\/figure>\n\n\n\n<p><strong><u>Endstand&nbsp; Zwischenrunde<\/u><\/strong><br><strong>&nbsp;&nbsp;&nbsp;&nbsp;&nbsp;Gruppe 1&nbsp;&nbsp;&nbsp;&nbsp;&nbsp;&nbsp;&nbsp;&nbsp;&nbsp;&nbsp;&nbsp;&nbsp;&nbsp;&nbsp;&nbsp;&nbsp;&nbsp;&nbsp;&nbsp;&nbsp;&nbsp;&nbsp;&nbsp;&nbsp;&nbsp;&nbsp;&nbsp;&nbsp;&nbsp;&nbsp;&nbsp;&nbsp;&nbsp;&nbsp;&nbsp;&nbsp;&nbsp;&nbsp;&nbsp;&nbsp;&nbsp;&nbsp;&nbsp;&nbsp;&nbsp;&nbsp;&nbsp;&nbsp; Gruppe 3<\/strong><\/p>\n\n\n\n<figure class=\"wp-block-table\"><table class=\"has-fixed-layout\"><tbody><tr><td>1.<\/td><td>L\u00fcbeck<\/td><td>9<\/td><td>6:0<\/td><td>1.<\/td><td>Allstars Bln<\/td><td>7<\/td><td>9:2<\/td><\/tr><tr><td>2.<\/td><td>Solingen<\/td><td>4<\/td><td>2:3<\/td><td>2.<\/td><td>OT Allstars<\/td><td>6<\/td><td>10:3<\/td><\/tr><tr><td>3.<\/td><td>OT Bremen<\/td><td>3<\/td><td>2:3<\/td><td>3.<\/td><td>Elbe\/Saale<\/td><td>3<\/td><td>3:9<\/td><\/tr><tr><td>4.<\/td><td>D\u00fcsseldorf<\/td><td>1<\/td><td>2:6<\/td><td>4.<\/td><td>Eckernf\u00f6rde<\/td><td>1<\/td><td>1:2<\/td><\/tr><\/tbody><\/table><\/figure>\n\n\n\n<p><strong>&nbsp;&nbsp;&nbsp;&nbsp;&nbsp;&nbsp;&nbsp;&nbsp;&nbsp;&nbsp;&nbsp;&nbsp;&nbsp;&nbsp;&nbsp;&nbsp;&nbsp;&nbsp;&nbsp;&nbsp;&nbsp;&nbsp;&nbsp;&nbsp;&nbsp; &nbsp;Gruppe&nbsp;2&nbsp;&nbsp;&nbsp;&nbsp;&nbsp;&nbsp;&nbsp;&nbsp;&nbsp;&nbsp;&nbsp;&nbsp;&nbsp;&nbsp;&nbsp;&nbsp;&nbsp;&nbsp;&nbsp;&nbsp;&nbsp;&nbsp;&nbsp;&nbsp;&nbsp;&nbsp;&nbsp;&nbsp;&nbsp;&nbsp;&nbsp;&nbsp;&nbsp;&nbsp;&nbsp;&nbsp;&nbsp;&nbsp;&nbsp;&nbsp;&nbsp;&nbsp;&nbsp;&nbsp;&nbsp;&nbsp;&nbsp;&nbsp; Gruppe 4<\/strong><\/p>\n\n\n\n<figure class=\"wp-block-table\"><table class=\"has-fixed-layout\"><tbody><tr><td>1.<\/td><td>Brandenburg<\/td><td>7<\/td><td>4:0<\/td><td>1.<\/td><td>Emden<\/td><td>7<\/td><td>15:3<\/td><\/tr><tr><td>2.<\/td><td>Main\/Taunus<\/td><td>5<\/td><td>1:0<\/td><td>2.<\/td><td>Gro\u00df Gr\u00f6nau<\/td><td>7<\/td><td>7:1<\/td><\/tr><tr><td>3.<\/td><td>Kiel<\/td><td>2<\/td><td>3:6<\/td><td>3.<\/td><td>Dresden<\/td><td>3<\/td><td>7:6<\/td><\/tr><tr><td>4.<\/td><td>Bergedorf<\/td><td>1<\/td><td>3:5<\/td><td>4.<\/td><td>Oyten<\/td><td>3<\/td><td>0:19<\/td><\/tr><\/tbody><\/table><\/figure>\n\n\n\n<p><strong><u>Halbfinale<\/u><\/strong><\/p>\n\n\n\n<figure class=\"wp-block-table\"><table class=\"has-fixed-layout\"><tbody><tr><td><strong>Sp.-Nr.<\/strong><\/td><td><strong>Feld<\/strong><\/td><td><strong>Uhr<\/strong><\/td><td colspan=\"2\"><strong>Spielpaarung<\/strong><\/td><td><strong>Erg.<\/strong><\/td><\/tr><tr><td>49<\/td><td>1<\/td><td>15:15<\/td><td>L\u00fcbeck<\/td><td>Main\/Taunus<\/td><td>5:4 n.E<\/td><\/tr><tr><td>50<\/td><td>2<\/td><td>15:15<\/td><td>Brandenburg<\/td><td>Solingen<\/td><td>1:5<\/td><\/tr><\/tbody><\/table><\/figure>\n\n\n\n<p><strong><u>Spiel um Platz 15<\/u><\/strong><br>&nbsp;<\/p>\n\n\n\n<figure class=\"wp-block-table\"><table class=\"has-fixed-layout\"><tbody><tr><td><strong>Sp.-Nr.<\/strong><\/td><td><strong>Feld<\/strong><\/td><td><strong>Uhr<\/strong><\/td><td colspan=\"2\"><strong>Spielpaarung<\/strong><\/td><td><strong>Erg.<\/strong><\/td><\/tr><tr><td>51<\/td><td>3<\/td><td>15:15<\/td><td>Eckernf\u00f6rde<\/td><td>TV Oyten<\/td><td>0:3 n.E<\/td><\/tr><\/tbody><\/table><\/figure>\n\n\n\n<p><br><strong><u>Spiel um Platz 13<\/u><\/strong><br>&nbsp;<\/p>\n\n\n\n<figure class=\"wp-block-table\"><table class=\"has-fixed-layout\"><tbody><tr><td><strong>Sp.-Nr.<\/strong><\/td><td><strong>Feld<\/strong><\/td><td><strong>Uhr<\/strong><\/td><td colspan=\"2\"><strong>Spielpaarung<\/strong><\/td><td><strong>Erg.<\/strong><\/td><\/tr><tr><td>52<\/td><td>4<\/td><td>15:15<\/td><td>Elbe\/Saale<\/td><td>Dresden<\/td><td>1:3<\/td><\/tr><\/tbody><\/table><\/figure>\n\n\n\n<p><strong><u>Spiel um Platz 11<\/u><\/strong><\/p>\n\n\n\n<figure class=\"wp-block-table\"><table class=\"has-fixed-layout\"><tbody><tr><td><strong>Sp.-Nr.<\/strong><\/td><td><strong>Feld<\/strong><\/td><td><strong>Uhr<\/strong><\/td><td colspan=\"2\"><strong>Spielpaarung<\/strong><\/td><td><strong>Erg.<\/strong><\/td><\/tr><tr><td>53<\/td><td>1<\/td><td>15:35<\/td><td>OT Allstars<\/td><td>Gro\u00df Gr\u00f6nau<\/td><td>4:5 n.E<\/td><\/tr><\/tbody><\/table><\/figure>\n\n\n\n<p><strong><u>Spiel um Platz 9<\/u><\/strong><br>&nbsp;<\/p>\n\n\n\n<figure class=\"wp-block-table\"><table class=\"has-fixed-layout\"><tbody><tr><td><strong>Sp.-Nr.<\/strong><\/td><td><strong>Feld<\/strong><\/td><td><strong>Uhr<\/strong><\/td><td colspan=\"2\"><strong>Spielpaarung<\/strong><\/td><td><strong>Erg.<\/strong><\/td><\/tr><tr><td>54<\/td><td>2<\/td><td>15:35<\/td><td>Allstars Berlin<\/td><td>Emden<\/td><td>3:5<\/td><\/tr><\/tbody><\/table><\/figure>\n\n\n\n<p><strong><u>Spiel um Platz 7<\/u><\/strong><br>&nbsp;<\/p>\n\n\n\n<figure class=\"wp-block-table\"><table class=\"has-fixed-layout\"><tbody><tr><td><strong>Sp.-Nr.<\/strong><\/td><td><strong>Feld<\/strong><\/td><td><strong>Uhr<\/strong><\/td><td colspan=\"2\"><strong>Spielpaarung<\/strong><\/td><td><strong>Erg.<\/strong><\/td><\/tr><tr><td>55<\/td><td>3<\/td><td>15:35<\/td><td>D\u00fcsseldorf<\/td><td>Bergedorf<\/td><td>2:1<\/td><\/tr><\/tbody><\/table><\/figure>\n\n\n\n<p><strong><u>Spiel um Platz 5<\/u><\/strong><br>&nbsp;<\/p>\n\n\n\n<figure class=\"wp-block-table\"><table class=\"has-fixed-layout\"><tbody><tr><td><strong>Sp.-Nr.<\/strong><\/td><td><strong>Feld<\/strong><\/td><td><strong>Uhr<\/strong><\/td><td colspan=\"2\"><strong>Spielpaarung<\/strong><\/td><td><strong>Erg.<\/strong><\/td><\/tr><tr><td>56<\/td><td>4<\/td><td>15:35<\/td><td>OT Bremen<\/td><td>Kiel<\/td><td>1:0<\/td><\/tr><\/tbody><\/table><\/figure>\n\n\n\n<p><strong><u>Spiel um Platz 3<\/u><\/strong><br>&nbsp;<\/p>\n\n\n\n<figure class=\"wp-block-table\"><table class=\"has-fixed-layout\"><tbody><tr><td><strong>Sp.-Nr.<\/strong><\/td><td><strong>Feld<\/strong><\/td><td><strong>Uhr<\/strong><\/td><td colspan=\"2\"><strong>Spielpaarung<\/strong><\/td><td><strong>Erg.<\/strong><\/td><\/tr><tr><td>57<\/td><td>1<\/td><td>15:55<\/td><td>Main\/Taunus<\/td><td>Brandenburg<\/td><td>1:6<\/td><\/tr><\/tbody><\/table><\/figure>\n\n\n\n<p><strong><u>Endspiel<\/u><\/strong><\/p>\n\n\n\n<figure class=\"wp-block-table\"><table class=\"has-fixed-layout\"><tbody><tr><td><strong>Sp.-Nr.<\/strong><\/td><td><strong>Feld<\/strong><\/td><td><strong>Uhr<\/strong><\/td><td colspan=\"2\"><strong>Spielpaarung<\/strong><\/td><td><strong>Erg.<\/strong><\/td><\/tr><tr><td>58<\/td><td>1<\/td><td>16:15<\/td><td>L\u00fcbeck<\/td><td>Solingen<\/td><td>0:2<\/td><\/tr><\/tbody><\/table><\/figure>\n","protected":false},"excerpt":{"rendered":"<p>Das Turnier fand auf der Bezirkssportanlage Schevemoor beim OT Bremen statt.Bei diesem Turnier konnten wir&nbsp;die SR Gruppen aus Emden und dem TV Oyten als neue Teilnehmer begr\u00fc\u00dfen. Das Turnier wurde auf Rasenpl\u00e4tzen durchgef\u00fchrt. Alle Mannschaften haben sehr Fair ihre Spiele absolviert. Es wurden nur wenige pers\u00f6nliche Strafen ausgesprochen.Die Abendveranstaltung und die Siegerehrung fand im Vereins-Casino&nbsp;auf &hellip; <a href=\"https:\/\/srmeisterschaft.de\/index.php\/2009-bremen\/\" class=\"more-link\"><span class=\"screen-reader-text\">2009 &#8211; Bremen<\/span> weiterlesen<\/a><\/p>\n","protected":false},"author":1,"featured_media":0,"parent":0,"menu_order":0,"comment_status":"closed","ping_status":"closed","template":"","meta":{"footnotes":""},"class_list":["post-119","page","type-page","status-publish","hentry"],"_links":{"self":[{"href":"https:\/\/srmeisterschaft.de\/index.php\/wp-json\/wp\/v2\/pages\/119","targetHints":{"allow":["GET"]}}],"collection":[{"href":"https:\/\/srmeisterschaft.de\/index.php\/wp-json\/wp\/v2\/pages"}],"about":[{"href":"https:\/\/srmeisterschaft.de\/index.php\/wp-json\/wp\/v2\/types\/page"}],"author":[{"embeddable":true,"href":"https:\/\/srmeisterschaft.de\/index.php\/wp-json\/wp\/v2\/users\/1"}],"replies":[{"embeddable":true,"href":"https:\/\/srmeisterschaft.de\/index.php\/wp-json\/wp\/v2\/comments?post=119"}],"version-history":[{"count":3,"href":"https:\/\/srmeisterschaft.de\/index.php\/wp-json\/wp\/v2\/pages\/119\/revisions"}],"predecessor-version":[{"id":264,"href":"https:\/\/srmeisterschaft.de\/index.php\/wp-json\/wp\/v2\/pages\/119\/revisions\/264"}],"wp:attachment":[{"href":"https:\/\/srmeisterschaft.de\/index.php\/wp-json\/wp\/v2\/media?parent=119"}],"curies":[{"name":"wp","href":"https:\/\/api.w.org\/{rel}","templated":true}]}}