{"id":123,"date":"2025-06-04T20:58:00","date_gmt":"2025-06-04T18:58:00","guid":{"rendered":"http:\/\/localhost\/?page_id=123"},"modified":"2025-06-07T09:26:34","modified_gmt":"2025-06-07T07:26:34","slug":"2007-duesseldorf","status":"publish","type":"page","link":"https:\/\/srmeisterschaft.de\/index.php\/2007-duesseldorf\/","title":{"rendered":"2007 &#8211; D\u00fcsseldorf"},"content":{"rendered":"\n<p>Aktuelles aus der SR-Vereinigung D\u00fcsseldorf<\/p>\n\n\n\n<p><strong>Eine riesige Sensation und viel Lob<\/strong><\/p>\n\n\n\n<figure class=\"wp-block-image is-resized\"><img decoding=\"async\" data-src=\"https:\/\/img.webme.com\/pic\/s\/sr-masters\/sr-masers_07.jpg\" alt=\"\" style=\"width:690px;height:auto\" src=\"data:image\/gif;base64,R0lGODlhAQABAAAAACH5BAEKAAEALAAAAAABAAEAAAICTAEAOw==\" class=\"lazyload\" \/><\/figure>\n\n\n\n<p>\u00a0Ein knappes Jahr hatte die Vorbereitung gedauert, die letzten Tage waren Stress pur f\u00fcr unser Orga-Team. Doch das hat sich gelohnt. Denn die 7. inoffizielle Deutsche SR-Meisterschaft, die unser F\u00f6rderverein am 23. Juni in Hilden auf der wunderbaren Anlage Am Bandsbusch ausrichtete, war ein voller Erfolg. Stellvertretend f\u00fcr die rund 60 Helfer erhielt unser Obmann Bernd Biermann den ganzen Tag \u00fcber viel Lob f\u00fcr die hervorragende Organisation. Und das obwohl am fr\u00fchen Morgen alles weniger rosig ausgesehen hatte. <\/p>\n\n\n\n<p>Da waren n\u00e4mlich beide von der Rheinbahn gecharterten Busse wegen eines Defektes liegen geblieben, das Turnier begann mit \u00fcber 30 Minuten Versp\u00e4tung. Daf\u00fcr hatte aber wenigstens der Wettergott ein Einsehen und bescherte uns im Gegensatz zu den Prognosen einen teilweise sonnigen Turniertag. Erst das von Christian Kappitz geleitete Endspiel zwischen Solingen und Dortmund fiel den Wetterkapriolen zum Opfer und musste wegen starken Regens und Gewitter sogar unterbrochen werden. Dass am Ende die Mannschaft um den Solinger KSO Valentino Usein 2:1 gewann, wurde fast zur Nebensache. <\/p>\n\n\n\n<p>Viel mehr stand der Spa\u00df und die Kameradschaft sowie das gegenseitige Kennenlernen ganz hoch im Kurs. Und so verliefen die von Hartmut Daxenberger, Ziya Yamann, Michele Esposito, Sascha Deutscher, Dirk Ehles, Abdellah Bouzari und Christian Kappitz geleiteten fast 70 Partien ohne Zwischenf\u00e4lle. F\u00fcr eine riesige Sensation sorgten dabei die D\u00fcsseldorfer. Unsere junge Mannschaft wurde sensationeller Zehnter und kam nur wegen eines Tores zu wenig nicht in die Finalrunde. Aber von diesem zehnten Platz wird in D\u00fcsseldorf wohl noch lange geredet werden. Dementsprechend gro\u00df war die Feierlaune am Abend im griechischen Gemeindesaal Am Sch\u00f6nenkamp, der bis auf den letzten Platz gef\u00fcllt war. Bis tief in die Nacht wurde gefeiert &#8211; bei gutem Essen und einem von Alfred Schiele zusammengestellten kurzweiligen Programm. H\u00f6hepunkt des Abends war nat\u00fcrlich die Siegerehrung, wo fast 20 D\u00fcsseldorfer in den leuchtend orangen Helfershirts auf der B\u00fchne standen und eine von Raffael Beier und Niels Becker umgetextete Version des Schlagers &#8222;Ein Stern&#8230;&#8220; sang. <\/p>\n\n\n\n<p>Gro\u00dfe Anerkennung zollte auch Luis Bass von der Berliner Allstars, der Erfinder dieses Turniers, den D\u00fcsseldorfern: &#8222;Das war ein perfekt organisiertes Turnier&#8220;, sagte er bei der Siegerehrung. &#8222;Ich bin unheimlich stolz auf diese Truppe&#8220;, war Obmann Bernd Biermann entsprechend ger\u00fchrt. Einen besonderen Dank richtete er auch an den VfB Hilden 03, der Ausr\u00fcstung und Anlage bereit gestellt hatte sowie die vielen Familienangeh\u00f6rigen unserer Schiedsrichter, die so tatkr\u00e4ftig mit angepackt hatten. Und damit meinte er nicht nur die Aktiven sondern all die freiwilligen Helfer aller Altersgruppen, die flei\u00dfig mit angepackt hatten. F\u00fcr diese engagierte Truppe gab es auch von den \u00fcber 200 G\u00e4sten aus ganz Deutschland viel Lob und Anerkennung.<br>In einem Punkt waren sich alle einig: Nach diesem tollen Wochenende liegt die Messlatte f\u00fcr das Turnier 2008 in Brandenburg hoch. Aber wir freuen uns alle auf eine spannende achte Auflage der inoffiziellen Deutschen Meisterschaft&#8230;.\u00a0<\/p>\n\n\n\n<p><strong>Schiedsrichter &#8211; Masters 2007<\/strong><\/p>\n\n\n\n<p>Teilnehmende Mannschaften:<\/p>\n\n\n\n<figure class=\"wp-block-table\"><table class=\"has-fixed-layout\"><tbody><tr><td>Lfd-Nr.<\/td><td>Gruppe 1<\/td><td>Gruppe 2<\/td><td>Gruppe 3<\/td><td>Gruppe 4<\/td><\/tr><tr><td>1<\/td><td>SRM Main-Taunus<\/td><td>KFV Kiel<\/td><td>KFV L\u00fcbeck<\/td><td>SRM Bremen<\/td><\/tr><tr><td>2<\/td><td>SRM Moers<\/td><td>SR-Allstars Berlin<\/td><td>SRM Brandenburg<\/td><td>SV Bergedorf West<\/td><\/tr><tr><td>3<\/td><td>SRM D\u00fcsseldorf<\/td><td>KFV Rendsburg \/ Eckernf\u00f6rde<\/td><td>D\u00fcsseldorf-Allstars<\/td><td>SRM D\u00fcren<\/td><\/tr><tr><td>4<\/td><td>SRM Dresden<\/td><td>SRM Rhein-Erft<\/td><td>SRM Solingen<\/td><td>LG Reinickendorf<\/td><\/tr><tr><td>5<\/td><td>SR Kreis Schwerin<\/td><td>SRM Elbe-Saale<\/td><td>TSV Eintr.acht&nbsp;<br>Gro\u00df-Gr\u00f6nau<\/td><td>SRM Dortmund<\/td><\/tr><\/tbody><\/table><\/figure>\n\n\n\n<figure class=\"wp-block-table\"><table class=\"has-fixed-layout\"><tbody><tr><td>Platzierungen der Vorrunden<\/td><\/tr><\/tbody><\/table><\/figure>\n\n\n\n<figure class=\"wp-block-table\"><table class=\"has-fixed-layout\"><tbody><tr><td>Gruppe 1<\/td><\/tr><\/tbody><\/table><\/figure>\n\n\n\n<figure class=\"wp-block-table\"><table class=\"has-fixed-layout\"><tbody><tr><td>Mannschaft<\/td><td>Punkte<\/td><td>Tore<\/td><td>Platzierung<\/td><\/tr><tr><td><br>SRM M\u00f6rs<\/td><td>12<\/td><td>13:4<\/td><td><strong>1.<\/strong><\/td><\/tr><tr><td>SRM Main-Taunus<\/td><td>5<\/td><td>7:5<\/td><td><strong>2.<\/strong><\/td><\/tr><tr><td>SRM D\u00fcsseldorf<\/td><td>5<\/td><td>4:3<\/td><td><strong>3.<\/strong><\/td><\/tr><tr><td>SRM Dresden<\/td><td>4<\/td><td>2:10<\/td><td><strong>4.<\/strong><\/td><\/tr><tr><td>SR Kreis Schwerin<\/td><td>1<\/td><td>2:6<\/td><td><strong>5.<\/strong><\/td><\/tr><\/tbody><\/table><\/figure>\n\n\n\n<figure class=\"wp-block-table\"><table class=\"has-fixed-layout\"><tbody><tr><td>Gruppe 2<\/td><\/tr><\/tbody><\/table><\/figure>\n\n\n\n<figure class=\"wp-block-table\"><table class=\"has-fixed-layout\"><tbody><tr><td>Mannschaft<\/td><td>Punkte<\/td><td>Tore<\/td><td>Platzierung<\/td><\/tr><tr><td><br>KFV Kiel<\/td><td>10<\/td><td>9:1<\/td><td><strong>1.<\/strong><\/td><\/tr><tr><td>SRM Rhein-Erft<\/td><td>6<\/td><td>5:2<\/td><td><strong>2.<\/strong><\/td><\/tr><tr><td>SRM Elbe-Saale<\/td><td>5<\/td><td>2:2<\/td><td><strong>3.<\/strong><\/td><\/tr><tr><td>KFV Rendsburg<\/td><td>3<\/td><td>3:10<\/td><td><strong>4.<\/strong><\/td><\/tr><tr><td>SR-Allstars Berlin<\/td><td>0<\/td><td>2:6<\/td><td><strong>5<\/strong><\/td><\/tr><\/tbody><\/table><\/figure>\n\n\n\n<figure class=\"wp-block-table\"><table class=\"has-fixed-layout\"><tbody><tr><td>Gruppe 3<\/td><\/tr><\/tbody><\/table><\/figure>\n\n\n\n<figure class=\"wp-block-table\"><table class=\"has-fixed-layout\"><tbody><tr><td>Mannschaft<\/td><td>Punkte<\/td><td>Tore<\/td><td>Platzierung<\/td><\/tr><tr><td><br>KFV L\u00fcbeck<\/td><td>12<\/td><td>16:1<\/td><td><strong>1.<\/strong><\/td><\/tr><tr><td>SRM Solingen<\/td><td>9<\/td><td>16:1<\/td><td><strong>2.<\/strong><\/td><\/tr><tr><td>SRM Brandenburg<\/td><td>4<\/td><td>12:8<\/td><td><strong>3.<\/strong><\/td><\/tr><tr><td>TSV Eintr. Gr. G\u00f6nau<\/td><td>4<\/td><td>7:18<\/td><td><strong>4.<\/strong><\/td><\/tr><tr><td>D\u00fcsseldorf-Allstars<\/td><td>0<\/td><td>0:33<\/td><td><strong>5<\/strong><\/td><\/tr><\/tbody><\/table><\/figure>\n\n\n\n<figure class=\"wp-block-table\"><table class=\"has-fixed-layout\"><tbody><tr><td>Gruppe 4<\/td><\/tr><\/tbody><\/table><\/figure>\n\n\n\n<figure class=\"wp-block-table\"><table class=\"has-fixed-layout\"><tbody><tr><td>Mannschaft<\/td><td>Punkte<\/td><td>Tore<\/td><td>Platzierung<\/td><\/tr><tr><td><br>SRM D\u00fcren<\/td><td>10<\/td><td>9:2<\/td><td><strong>1.<\/strong><\/td><\/tr><tr><td>SRM Dortmund<\/td><td>7<\/td><td>10:5<\/td><td><strong>2.<\/strong><\/td><\/tr><tr><td>SV Bergedorf-West<\/td><td>7<\/td><td>7:5<\/td><td><strong>3.<\/strong><\/td><\/tr><tr><td>SRM Bremen<\/td><td>2<\/td><td>2:7<\/td><td><strong>4.<\/strong><\/td><\/tr><tr><td>LG Reinickendorf<\/td><td>1<\/td><td>3:12<\/td><td><strong>5<\/strong><\/td><\/tr><\/tbody><\/table><\/figure>\n\n\n\n<figure class=\"wp-block-table\"><table class=\"has-fixed-layout\"><tbody><tr><td>Zwischenrunde 1<\/td><\/tr><\/tbody><\/table><\/figure>\n\n\n\n<figure class=\"wp-block-table\"><table class=\"has-fixed-layout\"><tbody><tr><td>Mannschaft<\/td><td>Mannschaft<\/td><td>Ergebnis<\/td><\/tr><tr><td>Schwerin<br>5.Gruppe 1<\/td><td>SR-Allstars Berlin<br>5.Gruppe 2<\/td><td>2:1<\/td><\/tr><tr><td>D\u00fcsseldorf-Allstars<br>5.Gruppe 3<\/td><td>LG Reinickendorf<br>5.Gruppe 4<\/td><td>0:6<\/td><\/tr><tr><td>Dresden<br>4.Gruppe 1<\/td><td>Rendsburg<br>4.Gruppe 2<\/td><td>7:5 n.E.<\/td><\/tr><tr><td>Gro\u00df Gr\u00f6nau<br>4.Gruppe 3<\/td><td>Bremen<br>4.Gruppe 4<\/td><td>1:0<\/td><\/tr><\/tbody><\/table><\/figure>\n\n\n\n<figure class=\"wp-block-table\"><table class=\"has-fixed-layout\"><tbody><tr><td>Viertelfinale<\/td><\/tr><\/tbody><\/table><\/figure>\n\n\n\n<figure class=\"wp-block-table\"><table class=\"has-fixed-layout\"><tbody><tr><td>Mannschaft<\/td><td>Mannschaft<\/td><td>Ergebnis<\/td><\/tr><tr><td>Moers<br>1.Gruppe 1<\/td><td>Rhein-Erft<br>2.Gruppe 2<\/td><td>5:1<\/td><\/tr><tr><td>Main-Taunus<br>2.Gruppe 1<\/td><td>KFV Kiel<br>1.Gruppe 2<\/td><td>2:1<\/td><\/tr><tr><td>L\u00fcbeck<br>1.Gruppe 3<\/td><td>Dortmund<br>2.Gruppe 4<\/td><td>1:2.<\/td><\/tr><tr><td>Solingen<br>2.Gruppe 3<\/td><td>D\u00fcren<br>1.Gruppe 4<\/td><td>3:2 n.E.<\/td><\/tr><\/tbody><\/table><\/figure>\n\n\n\n<figure class=\"wp-block-table\"><table class=\"has-fixed-layout\"><tbody><tr><td>Zwischenrunde 2<\/td><\/tr><\/tbody><\/table><\/figure>\n\n\n\n<figure class=\"wp-block-table\"><table class=\"has-fixed-layout\"><tbody><tr><td>Mannschaft<\/td><td>Mannschaft<\/td><td>Ergebnis<\/td><\/tr><tr><td>D\u00fcsseldorf<br>3.Gruppe 1<\/td><td>Elbe-Saale<br>3.Gruppe 2<\/td><td>3:1<\/td><\/tr><tr><td>Brandenburg<br>3.Gruppe 3<\/td><td>Bergedorf<br>3.Gruppe 4<\/td><td>1:2<\/td><\/tr><\/tbody><\/table><\/figure>\n\n\n\n<figure class=\"wp-block-table\"><table class=\"has-fixed-layout\"><tbody><tr><td>Zwischenrunde 3 und Halbfinale<\/td><\/tr><\/tbody><\/table><\/figure>\n\n\n\n<figure class=\"wp-block-table\"><table class=\"has-fixed-layout\"><tbody><tr><td>Mannschaft<\/td><td>Mannschaft<\/td><td>Ergebnis<\/td><\/tr><tr><td>Rhein-Erft<br>Verlierer VF1<\/td><td>VfB L\u00fcbeck<br>Verlierer&nbsp;VF3<\/td><td>1:6<\/td><\/tr><tr><td>VfB Kiel<br>Verlierer VF2<\/td><td>D\u00fcren<br>Verlierer VF4<\/td><td>0:2<\/td><\/tr><tr><td>Moers<br>Sieger VF1<\/td><td>Dortmund<br>Sieger VF3<\/td><td>0:1<\/td><\/tr><tr><td>Main-Taunus<br>Sieger VF2<\/td><td>Solingen<br>Sieger VF4<\/td><td>0:2<\/td><\/tr><\/tbody><\/table><\/figure>\n\n\n\n<figure class=\"wp-block-table\"><table class=\"has-fixed-layout\"><tbody><tr><td>Platzierungsspiele<\/td><\/tr><\/tbody><\/table><\/figure>\n\n\n\n<figure class=\"wp-block-table\"><table class=\"has-fixed-layout\"><tbody><tr><td>Platz 19\/20<\/td><td>SR-Allstars Berlin<\/td><td>D\u00fcsseldorf-Allstars<\/td><td>2:1<\/td><\/tr><tr><td>Platz 17\/18<\/td><td>SRM Schwerin<\/td><td>LG reinickendorf<\/td><td>0:1<\/td><\/tr><tr><td>Platz 15\/16<\/td><td>Rendsburg\/Eckernf\u00f6rde<\/td><td>Bremen<\/td><td>1:7<\/td><\/tr><tr><td>Platz 13\/14<\/td><td>SRM Dresden<\/td><td>Gro\u00df Gr\u00f6nau<\/td><td>0:3<\/td><\/tr><tr><td>Platz 11\/12<\/td><td>SRM Elbe-Saale<\/td><td>SRM Brandenburg<\/td><td>0:2<\/td><\/tr><tr><td>Platz&nbsp;&nbsp; 9\/10<\/td><td>SRM D\u00fcsseldorf<\/td><td>Bergedorf-West<\/td><td>1:3<\/td><\/tr><tr><td>Platz&nbsp;&nbsp; 7\/8<\/td><td>SRM Rhein-Erft<\/td><td>KFV Kiel<\/td><td>0:2<\/td><\/tr><tr><td>Platz&nbsp;&nbsp; 5\/6<\/td><td>KFV L\u00fcbeck<\/td><td>SRM D\u00fcren<\/td><td>0:1<\/td><\/tr><tr><td>Platz&nbsp;&nbsp; 3\/4<\/td><td>SRM Moers<\/td><td>SRM Main-Taunus<\/td><td>2:4<\/td><\/tr><tr><td><strong>Platz&nbsp;&nbsp; 1\/2<\/strong><\/td><td><strong>SRM Dortmund<\/strong><\/td><td><strong>SRM Solingen<\/strong><\/td><td><strong>1:2<\/strong><\/td><\/tr><\/tbody><\/table><\/figure>\n","protected":false},"excerpt":{"rendered":"<p>Aktuelles aus der SR-Vereinigung D\u00fcsseldorf Eine riesige Sensation und viel Lob \u00a0Ein knappes Jahr hatte die Vorbereitung gedauert, die letzten Tage waren Stress pur f\u00fcr unser Orga-Team. Doch das hat sich gelohnt. Denn die 7. inoffizielle Deutsche SR-Meisterschaft, die unser F\u00f6rderverein am 23. Juni in Hilden auf der wunderbaren Anlage Am Bandsbusch ausrichtete, war ein &hellip; <a href=\"https:\/\/srmeisterschaft.de\/index.php\/2007-duesseldorf\/\" class=\"more-link\"><span class=\"screen-reader-text\">2007 &#8211; D\u00fcsseldorf<\/span> weiterlesen<\/a><\/p>\n","protected":false},"author":1,"featured_media":0,"parent":0,"menu_order":0,"comment_status":"closed","ping_status":"closed","template":"","meta":{"footnotes":""},"class_list":["post-123","page","type-page","status-publish","hentry"],"_links":{"self":[{"href":"https:\/\/srmeisterschaft.de\/index.php\/wp-json\/wp\/v2\/pages\/123","targetHints":{"allow":["GET"]}}],"collection":[{"href":"https:\/\/srmeisterschaft.de\/index.php\/wp-json\/wp\/v2\/pages"}],"about":[{"href":"https:\/\/srmeisterschaft.de\/index.php\/wp-json\/wp\/v2\/types\/page"}],"author":[{"embeddable":true,"href":"https:\/\/srmeisterschaft.de\/index.php\/wp-json\/wp\/v2\/users\/1"}],"replies":[{"embeddable":true,"href":"https:\/\/srmeisterschaft.de\/index.php\/wp-json\/wp\/v2\/comments?post=123"}],"version-history":[{"count":3,"href":"https:\/\/srmeisterschaft.de\/index.php\/wp-json\/wp\/v2\/pages\/123\/revisions"}],"predecessor-version":[{"id":253,"href":"https:\/\/srmeisterschaft.de\/index.php\/wp-json\/wp\/v2\/pages\/123\/revisions\/253"}],"wp:attachment":[{"href":"https:\/\/srmeisterschaft.de\/index.php\/wp-json\/wp\/v2\/media?parent=123"}],"curies":[{"name":"wp","href":"https:\/\/api.w.org\/{rel}","templated":true}]}}