{"id":125,"date":"2025-06-04T20:58:18","date_gmt":"2025-06-04T18:58:18","guid":{"rendered":"http:\/\/localhost\/?page_id=125"},"modified":"2025-06-07T09:24:09","modified_gmt":"2025-06-07T07:24:09","slug":"2006-dresden","status":"publish","type":"page","link":"https:\/\/srmeisterschaft.de\/index.php\/2006-dresden\/","title":{"rendered":"2006 &#8211; Dresden"},"content":{"rendered":"\n<p>6. inoffizielle SR-Meisterschaft in Dresden<\/p>\n\n\n\n<p>Die 6. inoffizielle SR-Meisterschaft wurde am 27.05.2006 erfolgreich durchgef\u00fchrt.<\/p>\n\n\n\n<p>Hiermit m\u00f6chte ich mich im Namen aller teilnehmenden Mannschaften bei Harald Schenk und allen Helfern, die zum gelingen dieser Veranstaltung beigetragen haben, bedanken und Ihnen ein gro\u00dfes Lob aussprechen. Die Organisatoren mussten mit vielen Problemen wie z.B. Absagen leider auch sehr kurzfristig und den hierdurch st\u00e4ndig zu \u00e4ndernden Spielplan fertig werden. Diese Aufgaben wurden von Ihnen meisterlich gel\u00f6st.<\/p>\n\n\n\n<p>Sowohl die sportliche- als auch die Abendveranstaltung war ein Erfolg.<\/p>\n\n\n\n<p>Der neue inoffizielle Meister ist die SR-Gruppe Main\/Taunus, die in einem spannenden Finale den Vorjahres-Sieger KFV Kiel im Entscheidungsschiessen bezwingen konnte.<\/p>\n\n\n\n<p>Hier sind die gesamten Platzierungen:<\/p>\n\n\n\n<p><strong>\u00a01.\u00a0\u00a0SR-Gruppe Main\/Taunus (Hessen)<\/strong><br>\u00a02.\u00a0\u00a0KFV Kiel (Schleswig Holstein)\u00a0\u201eNorddeutscher Meister\u201c<br>\u00a03.\u00a0\u00a0SR-Gruppe L\u00fcbeck (Schleswig Holstein)<br>\u00a04.\u00a0\u00a0OT Bremen (Bremen)<br>\u00a05.\u00a0\u00a0SR-Allstar-Team Berlin (Berlin)<br>\u00a06.\u00a0\u00a0SR-Auswahl Brandenburg (Brandenburg)<br>\u00a07.\u00a0\u00a0LG Reinickendorf (Berlin)<br>\u00a08.\u00a0\u00a0SR-Auswahl Magdeburg (Sachsen-Anhalt)<br>\u00a09.\u00a0\u00a0TSV Eintracht Gr\u00f6nau (Schleswig Holstein)<br>10. SR-Gruppe Dresden (Sachsen)<br>11. Rendsburg\/Eckernf\u00f6rde (Schleswig Holstein)<br>12. SR-Gruppe D\u00fcsseldorf (Nordrhein-Westfalen)<br>13. KFV Wernigerode (Sachsen-Anhalt)<\/p>\n\n\n\n<p>Ein gro\u00dfes Lob ist auch allen Teilnehmern dieses Turniers auszusprechen. Die Spiele wurden sehr fair ausgetragen.<\/p>\n\n\n\n<p>Es ist unverst\u00e4ndlich, dass Absagen Aufgrund der verl\u00e4ngerten Saison get\u00e4tigt wurden. Der Termin in Dresden war lange und rechtzeitig bekannt. Hier h\u00e4tte man sicherlich auch andere L\u00f6sungen finden k\u00f6nnen. In Dresden waren viele SR beim Turnier dabei und sind am Sonntag rechtzeitig zur\u00fcck gefahren um Ihre Spiele z.B. in Berlin oder D\u00fcsseldorf wahrzunehmen. Diesen Sportlern geb\u00fchrt ein gro\u00dfes Lob.<\/p>\n\n\n\n<figure class=\"wp-block-table\"><table class=\"has-fixed-layout\"><tbody><tr><td>Turnierplan der 6. innoffizielle SR-Meisterschaften<\/td><\/tr><\/tbody><\/table><\/figure>\n\n\n\n<figure class=\"wp-block-table\"><table class=\"has-fixed-layout\"><tbody><tr><td>Gruppe A<\/td><td>Gruppe B<\/td><\/tr><tr><td>LG Reinickendorf<\/td><td>KFV Kiel<\/td><\/tr><tr><td>Brandenburg<\/td><td>Auswahl Elbe-Saale<\/td><\/tr><tr><td>Rendsburg\/Eckernf\u00f6rde<\/td><td>TSV Eintr. Gr. Gr\u00f6nau<\/td><\/tr><tr><td>SRM Dresden<\/td><td>KVF D\u00fcsseldorf<\/td><\/tr><tr><td>Main-Taunus<\/td><td>SR-Allstar-Team Berlin<\/td><\/tr><tr><td>KFV L\u00fcbeck<\/td><td>SR Bremen<\/td><\/tr><tr><td>KFV Wernigerode<\/td><td>&nbsp;<\/td><\/tr><\/tbody><\/table><\/figure>\n\n\n\n<figure class=\"wp-block-table\"><table class=\"has-fixed-layout\"><tbody><tr><td>Platzierung der Vorrunde Gruppe A<\/td><\/tr><\/tbody><\/table><\/figure>\n\n\n\n<figure class=\"wp-block-table\"><table class=\"has-fixed-layout\"><tbody><tr><td>Platz<\/td><td>Mannschaft<\/td><td>Punkte<\/td><td>Tore<\/td><\/tr><tr><td>1.<\/td><td>KFV L\u00fcbeck<\/td><td>13<\/td><td>13:5<\/td><\/tr><tr><td>2.<\/td><td>Main-Taunus<\/td><td>12<\/td><td>10:3<\/td><\/tr><tr><td>3.<\/td><td>Brandenburg<\/td><td>12<\/td><td>10:3<\/td><\/tr><tr><td>4.<\/td><td>LG Reinickendorf<\/td><td>11<\/td><td>6:5<\/td><\/tr><tr><td>5.<\/td><td>SRM Dresden<\/td><td>8<\/td><td>4:4<\/td><\/tr><tr><td>6.<\/td><td>Rendsburg\/Eckernf\u00f6rde<\/td><td>1<\/td><td>2:11<\/td><\/tr><tr><td>7.<\/td><td>KFV Wernigerode<\/td><td>1<\/td><td>3:17<\/td><\/tr><\/tbody><\/table><\/figure>\n\n\n\n<figure class=\"wp-block-table\"><table class=\"has-fixed-layout\"><tbody><tr><td>Platzierung der Vorrunde Gruppe B<\/td><\/tr><\/tbody><\/table><\/figure>\n\n\n\n<figure class=\"wp-block-table\"><table class=\"has-fixed-layout\"><tbody><tr><td>Platz<\/td><td>Mannschaft<\/td><td>Punkte<\/td><td>Tore<\/td><\/tr><tr><td>1.<\/td><td>Bremen<\/td><td>11<\/td><td>6:0<\/td><\/tr><tr><td>2.<\/td><td>KFV Kiel<\/td><td>11<\/td><td>7:2<\/td><\/tr><tr><td>3.<\/td><td>SR-Allstar-Team-Berlin<\/td><td>10<\/td><td>10:4<\/td><\/tr><tr><td>4.<\/td><td>Auswahl Elbe-Saale<\/td><td>4<\/td><td>2:7<\/td><\/tr><tr><td>5.<\/td><td>TSV Eintr. Gr. Gr\u00f6nau<\/td><td>3<\/td><td>2:6<\/td><\/tr><tr><td>6.<\/td><td>SRM D\u00fcsseldorf<\/td><td>1<\/td><td>0:8<\/td><\/tr><\/tbody><\/table><\/figure>\n\n\n\n<figure class=\"wp-block-table\"><table class=\"has-fixed-layout\"><tbody><tr><td colspan=\"2\">Mannschaft<\/td><td>Ergebnis<\/td><\/tr><tr><td colspan=\"3\">Halbfinalspiele<\/td><\/tr><tr><td>1. Gr. A<br>KFV L\u00fcbeck<\/td><td>2. Gr. B<br>KVF Kiel<\/td><td><strong>0:0<br>2:4 n.E.<\/strong><\/td><\/tr><tr><td>1. Gr. B<br>Bremen<\/td><td>2. Gr. A<br>Main-Taunus<\/td><td><strong>0:1<\/strong><\/td><\/tr><\/tbody><\/table><\/figure>\n\n\n\n<figure class=\"wp-block-table\"><table class=\"has-fixed-layout\"><tbody><tr><td><strong>Die Spiele um Platz 3 bis 12 wurden im Entscheidungsschie\u00dfen ermittelt<\/strong><\/td><\/tr><\/tbody><\/table><\/figure>\n\n\n\n<figure class=\"wp-block-table\"><table class=\"has-fixed-layout\"><tbody><tr><td>Platz<\/td><td colspan=\"2\">Mannschaft<\/td><td>Tore<\/td><\/tr><tr><td>11\/12<\/td><td>Rendsburg\/Eckernf\u00f6rde<\/td><td>SRM D\u00fcsseldorf<\/td><td>4:3<\/td><\/tr><tr><td>9\/10<\/td><td>SRM Dresden<\/td><td>TSV Eintr. Gr. Gr\u00f6nau<\/td><td>5:6<\/td><\/tr><tr><td>7\/8<\/td><td>LG Reinickendorf<\/td><td>Auswahl Elbe-Saale<\/td><td>3:2<\/td><\/tr><tr><td>5\/6<\/td><td>Brandenburg<\/td><td>SR-Allstar-Team-Berlin<\/td><td>5:6<\/td><\/tr><tr><td>3\/4<\/td><td>KFV L\u00fcbeck<\/td><td>Bremen<\/td><td>5:4<\/td><\/tr><tr><td colspan=\"4\">Finale<\/td><\/tr><tr><td>1\/2<\/td><td>KFV Kiel<\/td><td>&nbsp;<strong>Main-Taunus<\/strong><\/td><td>&nbsp;0:0<br>1:2 n.E.<\/td><\/tr><\/tbody><\/table><\/figure>\n","protected":false},"excerpt":{"rendered":"<p>6. inoffizielle SR-Meisterschaft in Dresden Die 6. inoffizielle SR-Meisterschaft wurde am 27.05.2006 erfolgreich durchgef\u00fchrt. Hiermit m\u00f6chte ich mich im Namen aller teilnehmenden Mannschaften bei Harald Schenk und allen Helfern, die zum gelingen dieser Veranstaltung beigetragen haben, bedanken und Ihnen ein gro\u00dfes Lob aussprechen. Die Organisatoren mussten mit vielen Problemen wie z.B. Absagen leider auch sehr &hellip; <a href=\"https:\/\/srmeisterschaft.de\/index.php\/2006-dresden\/\" class=\"more-link\"><span class=\"screen-reader-text\">2006 &#8211; Dresden<\/span> weiterlesen<\/a><\/p>\n","protected":false},"author":1,"featured_media":0,"parent":0,"menu_order":0,"comment_status":"closed","ping_status":"closed","template":"","meta":{"footnotes":""},"class_list":["post-125","page","type-page","status-publish","hentry"],"_links":{"self":[{"href":"https:\/\/srmeisterschaft.de\/index.php\/wp-json\/wp\/v2\/pages\/125","targetHints":{"allow":["GET"]}}],"collection":[{"href":"https:\/\/srmeisterschaft.de\/index.php\/wp-json\/wp\/v2\/pages"}],"about":[{"href":"https:\/\/srmeisterschaft.de\/index.php\/wp-json\/wp\/v2\/types\/page"}],"author":[{"embeddable":true,"href":"https:\/\/srmeisterschaft.de\/index.php\/wp-json\/wp\/v2\/users\/1"}],"replies":[{"embeddable":true,"href":"https:\/\/srmeisterschaft.de\/index.php\/wp-json\/wp\/v2\/comments?post=125"}],"version-history":[{"count":3,"href":"https:\/\/srmeisterschaft.de\/index.php\/wp-json\/wp\/v2\/pages\/125\/revisions"}],"predecessor-version":[{"id":251,"href":"https:\/\/srmeisterschaft.de\/index.php\/wp-json\/wp\/v2\/pages\/125\/revisions\/251"}],"wp:attachment":[{"href":"https:\/\/srmeisterschaft.de\/index.php\/wp-json\/wp\/v2\/media?parent=125"}],"curies":[{"name":"wp","href":"https:\/\/api.w.org\/{rel}","templated":true}]}}