{"id":159,"date":"2025-06-04T21:04:59","date_gmt":"2025-06-04T19:04:59","guid":{"rendered":"http:\/\/localhost\/?page_id=159"},"modified":"2025-06-07T18:19:42","modified_gmt":"2025-06-07T16:19:42","slug":"fairnesssieger-tabelle","status":"publish","type":"page","link":"https:\/\/srmeisterschaft.de\/index.php\/fairnesssieger-tabelle\/","title":{"rendered":"Fairnesssieger-Tabelle"},"content":{"rendered":"\n<figure class=\"wp-block-table\"><table class=\"has-fixed-layout\"><tbody><tr><td><strong>Jahr<\/strong><\/td><td><strong>Sieger<\/strong><\/td><\/tr><tr><td>2001<\/td><td>Elbe-Saale-Auswahl<\/td><\/tr><tr><td>2002<\/td><td>SR-Allstar-Team Berlin<\/td><\/tr><tr><td>2003<\/td><td>SR-Allstar-Team Berlin<\/td><\/tr><tr><td>2004<\/td><td>SR-Allstar-Team Berlin<\/td><\/tr><tr><td>2005<\/td><td>SR-Allstar-Team Berlin<\/td><\/tr><tr><td>2006<\/td><td>SRM D\u00fcsseldorf<\/td><\/tr><tr><td>2007<\/td><td>Elbe-Saale-Auswahl<\/td><\/tr><tr><td>2008<\/td><td>Bergedorf\/West<\/td><\/tr><tr><td>2009<\/td><td>TV Oyten<\/td><\/tr><tr><td>2010<\/td><td>SR-Allstar-Team Berlin<\/td><\/tr><tr><td>2011<\/td><td>SRV&nbsp;Hannover<\/td><\/tr><tr><td>2012<\/td><td>SRM&nbsp;Neum\u00fcnster<\/td><\/tr><tr><td>2013<\/td><td>SRM Nordsterne<\/td><\/tr><tr><td>2014<\/td><td>SRM&nbsp;Neum\u00fcnster<\/td><\/tr><tr><td>2015<\/td><td>Trave Schiedsrichter<\/td><\/tr><tr><td>2016<\/td><td>SRM Nordsterne<\/td><\/tr><tr><td>2017<\/td><td>SRM Neum\u00fcnster<\/td><\/tr><tr><td>2018<\/td><td>SRM Duisburg Nord<\/td><\/tr><tr><td>2019<\/td><td>SRM Nordsterne<\/td><\/tr><tr><td>2020<\/td><td>Coronabedingt ausgefallen<\/td><\/tr><tr><td>2021<\/td><td>Coronabedingt ausgefallen<\/td><\/tr><tr><td>2022<\/td><td>SR-Allstar-Team Berlin<\/td><\/tr><tr><td>2023<\/td><td>TSV 1860 M\u00fcnchen<\/td><\/tr><tr><td>2024<\/td><td>SRM Nordsterne<\/td><\/tr><tr><td>2025<\/td><td>noch offen<\/td><\/tr><\/tbody><\/table><\/figure>\n","protected":false},"excerpt":{"rendered":"<p>Jahr Sieger 2001 Elbe-Saale-Auswahl 2002 SR-Allstar-Team Berlin 2003 SR-Allstar-Team Berlin 2004 SR-Allstar-Team Berlin 2005 SR-Allstar-Team Berlin 2006 SRM D\u00fcsseldorf 2007 Elbe-Saale-Auswahl 2008 Bergedorf\/West 2009 TV Oyten 2010 SR-Allstar-Team Berlin 2011 SRV&nbsp;Hannover 2012 SRM&nbsp;Neum\u00fcnster 2013 SRM Nordsterne 2014 SRM&nbsp;Neum\u00fcnster 2015 Trave Schiedsrichter 2016 SRM Nordsterne 2017 SRM Neum\u00fcnster 2018 SRM Duisburg Nord 2019 SRM Nordsterne 2020 &hellip; <a href=\"https:\/\/srmeisterschaft.de\/index.php\/fairnesssieger-tabelle\/\" class=\"more-link\"><span class=\"screen-reader-text\">Fairnesssieger-Tabelle<\/span> weiterlesen<\/a><\/p>\n","protected":false},"author":1,"featured_media":0,"parent":0,"menu_order":0,"comment_status":"closed","ping_status":"closed","template":"","meta":{"footnotes":""},"class_list":["post-159","page","type-page","status-publish","hentry"],"_links":{"self":[{"href":"https:\/\/srmeisterschaft.de\/index.php\/wp-json\/wp\/v2\/pages\/159","targetHints":{"allow":["GET"]}}],"collection":[{"href":"https:\/\/srmeisterschaft.de\/index.php\/wp-json\/wp\/v2\/pages"}],"about":[{"href":"https:\/\/srmeisterschaft.de\/index.php\/wp-json\/wp\/v2\/types\/page"}],"author":[{"embeddable":true,"href":"https:\/\/srmeisterschaft.de\/index.php\/wp-json\/wp\/v2\/users\/1"}],"replies":[{"embeddable":true,"href":"https:\/\/srmeisterschaft.de\/index.php\/wp-json\/wp\/v2\/comments?post=159"}],"version-history":[{"count":5,"href":"https:\/\/srmeisterschaft.de\/index.php\/wp-json\/wp\/v2\/pages\/159\/revisions"}],"predecessor-version":[{"id":320,"href":"https:\/\/srmeisterschaft.de\/index.php\/wp-json\/wp\/v2\/pages\/159\/revisions\/320"}],"wp:attachment":[{"href":"https:\/\/srmeisterschaft.de\/index.php\/wp-json\/wp\/v2\/media?parent=159"}],"curies":[{"name":"wp","href":"https:\/\/api.w.org\/{rel}","templated":true}]}}