{"id":348,"date":"2025-06-08T14:40:53","date_gmt":"2025-06-08T12:40:53","guid":{"rendered":"https:\/\/srmeisterschaft.de\/?page_id=348"},"modified":"2025-06-08T14:40:53","modified_gmt":"2025-06-08T12:40:53","slug":"impressum","status":"publish","type":"page","link":"https:\/\/srmeisterschaft.de\/index.php\/impressum\/","title":{"rendered":"Impressum"},"content":{"rendered":"\n<p><strong>Angaben gem\u00e4\u00df \u00a7 5 TMG:<\/strong><br>Valentino Usein<br>Merscheider Stra\u00dfe 203<br>42699 Solingen<br>Deutschland<\/p>\n\n\n\n<p><strong>Kontakt:<\/strong><br>E-Mail: info@srmeisterschaft.de<\/p>\n\n\n\n<p><strong>Haftungsausschluss:<\/strong><br>Die Inhalte dieser Webseite dienen ausschlie\u00dflich Informationszwecken. Trotz sorgf\u00e4ltiger inhaltlicher Kontrolle \u00fcbernehmen wir keine Haftung f\u00fcr die Inhalte externer Links. F\u00fcr den Inhalt der verlinkten Seiten sind ausschlie\u00dflich deren Betreiber verantwortlich.<\/p>\n\n\n\n<p>Quelle: Eigene Angaben und angepasst an das TMG<\/p>\n","protected":false},"excerpt":{"rendered":"<p>Angaben gem\u00e4\u00df \u00a7 5 TMG:Valentino UseinMerscheider Stra\u00dfe 20342699 SolingenDeutschland Kontakt:E-Mail: info@srmeisterschaft.de Haftungsausschluss:Die Inhalte dieser Webseite dienen ausschlie\u00dflich Informationszwecken. Trotz sorgf\u00e4ltiger inhaltlicher Kontrolle \u00fcbernehmen wir keine Haftung f\u00fcr die Inhalte externer Links. F\u00fcr den Inhalt der verlinkten Seiten sind ausschlie\u00dflich deren Betreiber verantwortlich. Quelle: Eigene Angaben und angepasst an das TMG<\/p>\n","protected":false},"author":1,"featured_media":0,"parent":0,"menu_order":0,"comment_status":"closed","ping_status":"closed","template":"","meta":{"footnotes":""},"class_list":["post-348","page","type-page","status-publish","hentry"],"_links":{"self":[{"href":"https:\/\/srmeisterschaft.de\/index.php\/wp-json\/wp\/v2\/pages\/348","targetHints":{"allow":["GET"]}}],"collection":[{"href":"https:\/\/srmeisterschaft.de\/index.php\/wp-json\/wp\/v2\/pages"}],"about":[{"href":"https:\/\/srmeisterschaft.de\/index.php\/wp-json\/wp\/v2\/types\/page"}],"author":[{"embeddable":true,"href":"https:\/\/srmeisterschaft.de\/index.php\/wp-json\/wp\/v2\/users\/1"}],"replies":[{"embeddable":true,"href":"https:\/\/srmeisterschaft.de\/index.php\/wp-json\/wp\/v2\/comments?post=348"}],"version-history":[{"count":1,"href":"https:\/\/srmeisterschaft.de\/index.php\/wp-json\/wp\/v2\/pages\/348\/revisions"}],"predecessor-version":[{"id":349,"href":"https:\/\/srmeisterschaft.de\/index.php\/wp-json\/wp\/v2\/pages\/348\/revisions\/349"}],"wp:attachment":[{"href":"https:\/\/srmeisterschaft.de\/index.php\/wp-json\/wp\/v2\/media?parent=348"}],"curies":[{"name":"wp","href":"https:\/\/api.w.org\/{rel}","templated":true}]}}