{"id":365,"date":"2025-06-16T11:02:18","date_gmt":"2025-06-16T09:02:18","guid":{"rendered":"https:\/\/srmeisterschaft.de\/?page_id=365"},"modified":"2025-06-16T11:02:18","modified_gmt":"2025-06-16T09:02:18","slug":"2025-offenbach","status":"publish","type":"page","link":"https:\/\/srmeisterschaft.de\/index.php\/2025-offenbach\/","title":{"rendered":"2025 &#8211; Offenbach"},"content":{"rendered":"\n<p>Wir gratulieren dem Sieger der 25. (in)offiziellen deutschen SR-Meisterschaft:<\/p>\n\n\n\n<h2 class=\"wp-block-heading has-text-align-center\"><strong>\ud83c\udf89<strong>\u26bd<\/strong>\ud83c\udfc6SRVGG Frankfurt\ud83c\udfc6<strong>\u26bd<\/strong><\/strong>\ud83c\udf89<\/h2>\n\n\n\n<figure class=\"wp-block-image size-large\"><img decoding=\"async\" width=\"930\" height=\"1024\" data-src=\"https:\/\/srmeisterschaft.de\/wp-content\/uploads\/2025\/06\/image-26-930x1024.png\" alt=\"\" class=\"wp-image-366 lazyload\" data-srcset=\"https:\/\/srmeisterschaft.de\/wp-content\/uploads\/2025\/06\/image-26-930x1024.png 930w, https:\/\/srmeisterschaft.de\/wp-content\/uploads\/2025\/06\/image-26-272x300.png 272w, https:\/\/srmeisterschaft.de\/wp-content\/uploads\/2025\/06\/image-26-768x846.png 768w, https:\/\/srmeisterschaft.de\/wp-content\/uploads\/2025\/06\/image-26.png 970w\" data-sizes=\"(max-width: 930px) 100vw, 930px\" src=\"data:image\/gif;base64,R0lGODlhAQABAAAAACH5BAEKAAEALAAAAAABAAEAAAICTAEAOw==\" style=\"--smush-placeholder-width: 930px; --smush-placeholder-aspect-ratio: 930\/1024;\" \/><\/figure>\n\n\n\n<figure class=\"wp-block-image size-large\"><img decoding=\"async\" width=\"1024\" height=\"679\" data-src=\"https:\/\/srmeisterschaft.de\/wp-content\/uploads\/2025\/06\/image-27-1024x679.png\" alt=\"\" class=\"wp-image-367 lazyload\" data-srcset=\"https:\/\/srmeisterschaft.de\/wp-content\/uploads\/2025\/06\/image-27-1024x679.png 1024w, https:\/\/srmeisterschaft.de\/wp-content\/uploads\/2025\/06\/image-27-300x199.png 300w, https:\/\/srmeisterschaft.de\/wp-content\/uploads\/2025\/06\/image-27-768x509.png 768w, https:\/\/srmeisterschaft.de\/wp-content\/uploads\/2025\/06\/image-27.png 1263w\" data-sizes=\"(max-width: 1024px) 100vw, 1024px\" src=\"data:image\/gif;base64,R0lGODlhAQABAAAAACH5BAEKAAEALAAAAAABAAEAAAICTAEAOw==\" style=\"--smush-placeholder-width: 1024px; --smush-placeholder-aspect-ratio: 1024\/679;\" \/><\/figure>\n\n\n\n<figure class=\"wp-block-image size-large\"><img decoding=\"async\" width=\"1024\" height=\"327\" data-src=\"https:\/\/srmeisterschaft.de\/wp-content\/uploads\/2025\/06\/image-30-1024x327.png\" alt=\"\" class=\"wp-image-370 lazyload\" data-srcset=\"https:\/\/srmeisterschaft.de\/wp-content\/uploads\/2025\/06\/image-30-1024x327.png 1024w, https:\/\/srmeisterschaft.de\/wp-content\/uploads\/2025\/06\/image-30-300x96.png 300w, https:\/\/srmeisterschaft.de\/wp-content\/uploads\/2025\/06\/image-30-768x245.png 768w, https:\/\/srmeisterschaft.de\/wp-content\/uploads\/2025\/06\/image-30.png 1531w\" data-sizes=\"(max-width: 1024px) 100vw, 1024px\" src=\"data:image\/gif;base64,R0lGODlhAQABAAAAACH5BAEKAAEALAAAAAABAAEAAAICTAEAOw==\" style=\"--smush-placeholder-width: 1024px; --smush-placeholder-aspect-ratio: 1024\/327;\" \/><\/figure>\n\n\n\n<h2 class=\"wp-block-heading\">Alle Informationen zum Turnier<\/h2>\n\n\n\n<p>Die 25. (in)offizielle deutsche Schiedsrichter-Meisterschaft finden in diesem Jahr bei den <strong><em>Freundeskreis Schiedsrichtervereinigung Offenbach e.V.<\/em> <\/strong>vom\u00a0<strong>13.\u201315. Juni 2025<\/strong> statt.<\/p>\n\n\n\n<figure class=\"wp-block-image size-large\"><img decoding=\"async\" width=\"722\" height=\"1024\" data-src=\"https:\/\/srmeisterschaft.de\/wp-content\/uploads\/2025\/06\/image-20-722x1024.png\" alt=\"\" class=\"wp-image-273 lazyload\" data-srcset=\"https:\/\/srmeisterschaft.de\/wp-content\/uploads\/2025\/06\/image-20-722x1024.png 722w, https:\/\/srmeisterschaft.de\/wp-content\/uploads\/2025\/06\/image-20-211x300.png 211w, https:\/\/srmeisterschaft.de\/wp-content\/uploads\/2025\/06\/image-20-768x1090.png 768w, https:\/\/srmeisterschaft.de\/wp-content\/uploads\/2025\/06\/image-20.png 900w\" data-sizes=\"(max-width: 722px) 100vw, 722px\" src=\"data:image\/gif;base64,R0lGODlhAQABAAAAACH5BAEKAAEALAAAAAABAAEAAAICTAEAOw==\" style=\"--smush-placeholder-width: 722px; --smush-placeholder-aspect-ratio: 722\/1024;\" \/><\/figure>\n\n\n\n<p>siehe auch: <a href=\"https:\/\/www.srvgg-offenbach.de\/25-deutsche-schiedsrichtermeisterschaft\">https:\/\/www.srvgg-offenbach.de\/25-deutsche-schiedsrichtermeisterschaft<\/a><\/p>\n\n\n\n<div class=\"wp-block-columns is-layout-flex wp-container-core-columns-is-layout-9d6595d7 wp-block-columns-is-layout-flex\">\n<div class=\"wp-block-column is-layout-flow wp-block-column-is-layout-flow\">\n<h3 class=\"wp-block-heading\">\ud83c\udfc6 <strong>Turnierinfos<\/strong>:<\/h3>\n\n\n\n<p><strong>\ud83d\udcc5 Datum:<\/strong><br><strong>Samstag, 14.06.2025<\/strong><\/p>\n\n\n\n<p><strong>\ud83d\udccd Ort:<\/strong><br><strong>Sportgel\u00e4nde TSV Dudenhofen<\/strong><br>Eppertsh\u00e4user Weg 17<br>63110 Rodgau<\/p>\n\n\n\n<p><strong>\u23f0 Zeiten:<\/strong><br><strong>Turnierbeginn:<\/strong> 10:00 Uhr<br><strong>Turnierende:<\/strong> ca. 17:00 Uhr<\/p>\n\n\n\n<p><strong>\u26bd Spielfl\u00e4chen:<\/strong><br>Rasen &amp; Kunstrasen (Kleinfeld)<\/p>\n<\/div>\n\n\n\n<div class=\"wp-block-column is-layout-flow wp-block-column-is-layout-flow\">\n<h3 class=\"wp-block-heading\">\u2709\ufe0f <strong>Anmeldung<\/strong><\/h3>\n\n\n\n<p>Die Anmeldung erfolgt per Mail an:<br>\ud83d\udce7 <strong><a>turnier2025@srvgg-offenbach.de<\/a><\/strong><\/p>\n\n\n\n<p><strong>Anmeldeschluss:<\/strong> 31.12.2024<\/p>\n\n\n\n<ul class=\"wp-block-list\">\n<li>Die Teilnehmerzahl ist auf <strong>24 Mannschaften<\/strong> begrenzt.<\/li>\n\n\n\n<li>Jedes Team besteht aus <strong>12 Spielern<\/strong> inkl. Betreuer.<\/li>\n\n\n\n<li>Die Startpl\u00e4tze werden nach Eingang der Anmeldungen vergeben.<\/li>\n<\/ul>\n<\/div>\n<\/div>\n\n\n\n<hr class=\"wp-block-separator has-alpha-channel-opacity\"\/>\n\n\n\n<div class=\"wp-block-columns is-layout-flex wp-container-core-columns-is-layout-9d6595d7 wp-block-columns-is-layout-flex\">\n<div class=\"wp-block-column is-layout-flow wp-block-column-is-layout-flow\">\n<h3 class=\"wp-block-heading\">\ud83d\udcb6 <strong>Startgeld \/ Kaution<\/strong><\/h3>\n\n\n\n<ul class=\"wp-block-list\">\n<li><strong>Startgeld:<\/strong> 100 \u20ac pro Mannschaft<br>\u2013 enth\u00e4lt Turnierteilnahme, eine Kiste Wasser sowie ein Mittagessen f\u00fcr <strong>12 Personen<\/strong><\/li>\n\n\n\n<li><strong>Pfand\/Kaution:<\/strong> 300 \u20ac<br>\u2013 wird am Turniertag zur\u00fcckgezahlt bei <strong>ordnungsgem\u00e4\u00dfer Teilnahme<\/strong><\/li>\n<\/ul>\n<\/div>\n\n\n\n<div class=\"wp-block-column is-layout-flow wp-block-column-is-layout-flow\">\n<h3 class=\"wp-block-heading\">\ud83d\udcd8 <strong>Turnierheft<\/strong><\/h3>\n\n\n\n<p>Ein Turnierheft ist in Planung.<br>Bitte schickt bis sp\u00e4testens <strong>28.02.2025<\/strong>:<br>1. Mannschaftsfoto<br>2. Logo<br>3. Kurze Infos zur Mannschaft<br>An: \ud83d\udce7 <strong><a>turnier2025@srvgg-offenbach.de<\/a><\/strong><\/p>\n<\/div>\n<\/div>\n\n\n\n<hr class=\"wp-block-separator has-alpha-channel-opacity\"\/>\n\n\n\n<h3 class=\"wp-block-heading\">\ud83d\uddd3\ufe0f Freitag, 13.06.2025 \u2013 Anreise<\/h3>\n\n\n\n<div class=\"wp-block-columns is-layout-flex wp-container-core-columns-is-layout-9d6595d7 wp-block-columns-is-layout-flex\">\n<div class=\"wp-block-column is-layout-flow wp-block-column-is-layout-flow\">\n<p><strong>\ud83c\udfe8 <span style=\"text-decoration: underline;\">\u00dcbernachtungsm\u00f6glichkeiten<\/span><\/strong><\/p>\n\n\n\n<p><strong>Hotel Sonnenhof<\/strong><br>\ud83d\udccd Otto-Hahn-Stra\u00dfe 7<br>\ud83d\udccd 63128 Dietzenbach<br>\ud83c\udf10 <a class=\"\" href=\"http:\/\/www.sonnenhof-dtz.de\">www.sonnenhof-dtz.de<\/a><br>\ud83d\udcde 06074 \/ 4890<\/p>\n\n\n\n<p><strong>Hotel Hausen<\/strong><br>\ud83d\udccd Raiffeisenstra\u00dfe 3<br>\ud83d\udccd 63179 Hausen<br>\ud83c\udf10 <a class=\"\" href=\"http:\/\/www.hotelhausen.de\">www.hotelhausen.de<\/a><br>\ud83d\udcde 06104 \/ 9288160<br>\ud83d\udcf1 0179 \/ 4038347<\/p>\n<\/div>\n\n\n\n<div class=\"wp-block-column is-layout-flow wp-block-column-is-layout-flow\">\n<p>\ud83e\udd1d <strong><span style=\"text-decoration: underline;\">Freitag, 13.06. \u2013 Come Together<\/span><\/strong><\/p>\n\n\n\n<p><strong>Hotel Sonnenhof<\/strong><br>\ud83d\udccd Otto-Hahn-Stra\u00dfe 7<br>\ud83d\udccd 63128 Dietzenbach<\/p>\n\n\n\n<p><strong>Beginn:<\/strong> ab <strong>18:30 Uhr<\/strong><\/p>\n\n\n\n<p><strong><span style=\"text-decoration: underline;\">Auslosung und \u00dcbergabe der Spielpl\u00e4ne!<\/span><\/strong><\/p>\n\n\n\n<p>Eine gesellige Auftaktveranstaltung f\u00fcr alle Teilnehmer.<\/p>\n<\/div>\n<\/div>\n\n\n\n<hr class=\"wp-block-separator has-alpha-channel-opacity\"\/>\n\n\n\n<h3 class=\"wp-block-heading\">\ud83c\udf89 <strong>Abendveranstaltung &amp; Siegerehrung<\/strong><\/h3>\n\n\n\n<div class=\"wp-block-columns is-layout-flex wp-container-core-columns-is-layout-9d6595d7 wp-block-columns-is-layout-flex\">\n<div class=\"wp-block-column is-layout-flow wp-block-column-is-layout-flow\">\n<p><strong>\ud83d\udcc5 Samstag, 14.06.2025<\/strong><br><strong>\ud83d\udd56 Beginn:<\/strong> 19:00 Uhr<\/p>\n\n\n\n<p><strong>\ud83d\udccd Ort:<\/strong><br><strong>B\u00fcrgerhaus Dudenhofen<\/strong><br>Georg-August-Zinn-Str. 1<br>63110 Rodgau<br><br><strong>\ud83c\udf7d\ufe0f Buffet &amp; Teilnahmebeitrag:<\/strong><\/p>\n\n\n\n<ul class=\"wp-block-list\">\n<li>Unkostenbeitrag: <strong>30 \u20ac pro Person<\/strong><\/li>\n\n\n\n<li>Zahlungsfrist: <strong>bis 31.03.2025<\/strong><\/li>\n\n\n\n<li>Keine Erstattung bei Absage nach diesem Datum<\/li>\n<\/ul>\n\n\n\n<p><strong>Anmeldung:<\/strong> ebenfalls per Formular an<br>\ud83d\udce7 <strong><a>turnier2025@srvgg-offenbach.de<\/a><\/strong><\/p>\n<\/div>\n\n\n\n<div class=\"wp-block-column is-layout-flow wp-block-column-is-layout-flow\">\n<figure class=\"wp-block-image size-full is-resized\"><img decoding=\"async\" width=\"294\" height=\"220\" data-src=\"https:\/\/srmeisterschaft.de\/wp-content\/uploads\/2025\/06\/image-19.png\" alt=\"\" class=\"wp-image-266 lazyload\" style=\"--smush-placeholder-width: 294px; --smush-placeholder-aspect-ratio: 294\/220;width:328px;height:auto\" src=\"data:image\/gif;base64,R0lGODlhAQABAAAAACH5BAEKAAEALAAAAAABAAEAAAICTAEAOw==\" \/><\/figure>\n<\/div>\n<\/div>\n\n\n\n<hr class=\"wp-block-separator has-alpha-channel-opacity\"\/>\n\n\n\n<h3 class=\"wp-block-heading\">\ud83d\ude8c <strong>Abfahrt<\/strong><\/h3>\n\n\n\n<p><strong>\ud83d\udcc5 Sonntag, 15.06.2025<\/strong><br><strong>ABFAHRT<\/strong><br><\/p>\n\n\n\n<p><strong><span style=\"text-decoration: underline;\">Die 24 teilnehmenden Mannschaften in diesem Jahr sind:<\/span><\/strong><\/p>\n\n\n\n<p>Schiedsrichtervereinigung Offenbach<br>Dreamteam Hamburg- Bergedorf<br>KFV Holstein<br>KFV Kiel<br>SchiriBlick 2017<br>Schiedsrichtervereinigung Hildesheim<br>Schiedsrichter-Allstar-Team Berlin<br>Schiedsrichtervereinigung Aschaffenburg<br>KFV Harz<br>Schiedsrichtervereinigung Solingen<br>Schiedsrichtergruppe Limburg \/ Weilburg<br>Schiedsrichtervereinigung Marburg<br>FC Bayern M\u00fcnchen<br>Schiedsrichtergruppe Freising<br>Schiedsrichtergruppe M\u00fcnchen Ost-Ebersberg<br>Turn- und Sportverein 1860 M\u00fcnchen<br>Kreisschiedsrichter Mainz-Bingen<br>Schiedsrichtervereinigung D\u00fcsseldorf<br>Schiedsrichtervereinigung Hanau<br>Schiedsrichtervereinigung Frankfurt<br>SR. Otto Fleck Frankfurt ( DFB )<br>Schiedsrichtervereinigung Main-Taunus<br>Schiedsrichtervereinigung Gelnhausen<br>SR. Hessenliga<\/p>\n\n\n\n<h3 class=\"wp-block-heading\">Live-Turnierplan<\/h3>\n\n\n\n<figure class=\"wp-block-image size-full\"><img decoding=\"async\" width=\"870\" height=\"916\" data-src=\"https:\/\/srmeisterschaft.de\/wp-content\/uploads\/2025\/06\/image-22.png\" alt=\"\" class=\"wp-image-275 lazyload\" data-srcset=\"https:\/\/srmeisterschaft.de\/wp-content\/uploads\/2025\/06\/image-22.png 870w, https:\/\/srmeisterschaft.de\/wp-content\/uploads\/2025\/06\/image-22-285x300.png 285w, https:\/\/srmeisterschaft.de\/wp-content\/uploads\/2025\/06\/image-22-768x809.png 768w\" data-sizes=\"(max-width: 870px) 100vw, 870px\" src=\"data:image\/gif;base64,R0lGODlhAQABAAAAACH5BAEKAAEALAAAAAABAAEAAAICTAEAOw==\" style=\"--smush-placeholder-width: 870px; --smush-placeholder-aspect-ratio: 870\/916;\" \/><\/figure>\n","protected":false},"excerpt":{"rendered":"<p>Wir gratulieren dem Sieger der 25. (in)offiziellen deutschen SR-Meisterschaft: \ud83c\udf89\u26bd\ud83c\udfc6SRVGG Frankfurt\ud83c\udfc6\u26bd\ud83c\udf89 Alle Informationen zum Turnier Die 25. (in)offizielle deutsche Schiedsrichter-Meisterschaft finden in diesem Jahr bei den Freundeskreis Schiedsrichtervereinigung Offenbach e.V. vom\u00a013.\u201315. Juni 2025 statt. siehe auch: https:\/\/www.srvgg-offenbach.de\/25-deutsche-schiedsrichtermeisterschaft \ud83c\udfc6 Turnierinfos: \ud83d\udcc5 Datum:Samstag, 14.06.2025 \ud83d\udccd Ort:Sportgel\u00e4nde TSV DudenhofenEppertsh\u00e4user Weg 1763110 Rodgau \u23f0 Zeiten:Turnierbeginn: 10:00 UhrTurnierende: ca. 17:00 &hellip; <a href=\"https:\/\/srmeisterschaft.de\/index.php\/2025-offenbach\/\" class=\"more-link\"><span class=\"screen-reader-text\">2025 &#8211; Offenbach<\/span> weiterlesen<\/a><\/p>\n","protected":false},"author":1,"featured_media":0,"parent":0,"menu_order":0,"comment_status":"closed","ping_status":"closed","template":"","meta":{"footnotes":""},"class_list":["post-365","page","type-page","status-publish","hentry"],"_links":{"self":[{"href":"https:\/\/srmeisterschaft.de\/index.php\/wp-json\/wp\/v2\/pages\/365","targetHints":{"allow":["GET"]}}],"collection":[{"href":"https:\/\/srmeisterschaft.de\/index.php\/wp-json\/wp\/v2\/pages"}],"about":[{"href":"https:\/\/srmeisterschaft.de\/index.php\/wp-json\/wp\/v2\/types\/page"}],"author":[{"embeddable":true,"href":"https:\/\/srmeisterschaft.de\/index.php\/wp-json\/wp\/v2\/users\/1"}],"replies":[{"embeddable":true,"href":"https:\/\/srmeisterschaft.de\/index.php\/wp-json\/wp\/v2\/comments?post=365"}],"version-history":[{"count":1,"href":"https:\/\/srmeisterschaft.de\/index.php\/wp-json\/wp\/v2\/pages\/365\/revisions"}],"predecessor-version":[{"id":371,"href":"https:\/\/srmeisterschaft.de\/index.php\/wp-json\/wp\/v2\/pages\/365\/revisions\/371"}],"wp:attachment":[{"href":"https:\/\/srmeisterschaft.de\/index.php\/wp-json\/wp\/v2\/media?parent=365"}],"curies":[{"name":"wp","href":"https:\/\/api.w.org\/{rel}","templated":true}]}}